



{"id":10459,"date":"2021-04-26T10:27:57","date_gmt":"2021-04-26T08:27:57","guid":{"rendered":"https:\/\/woocommerce-529299-2024980.cloudwaysapps.com\/product\/boucles-doreilles-argent-et-cristal\/"},"modified":"2024-01-13T00:10:59","modified_gmt":"2024-01-12T23:10:59","slug":"boucles-doreilles-argent-et-cristal","status":"publish","type":"product","link":"https:\/\/amira.jewelry\/es\/product\/boucles-doreilles-argent-et-cristal\/","title":{"rendered":"Boucles d\u00bboreilles Argent et Cristal de Swarovski"},"content":{"rendered":"<p>Illuminez votre regard et donnez de l&#8217;\u00e9clat \u00e0 votre teint en vous parant de ces d\u00e9licates puces d&#8217;oreilles en argent et cristal de Swarovski bleu pour des looks frais et f\u00e9minins.<\/p>\n","protected":false},"excerpt":{"rendered":"<p>Illuminez votre regard et donnez de l&#8217;\u00e9clat \u00e0 votre teint en vous parant de ces d\u00e9licates puces d&#8217;oreilles en argent et cristal de Swarovski bleu pour des looks frais et f\u00e9minins.<\/p>\n","protected":false},"featured_media":1029841,"comment_status":"open","ping_status":"closed","template":"","meta":[],"product_cat":[775],"product_tag":[],"class_list":{"0":"post-10459","1":"product","2":"type-product","3":"status-publish","4":"has-post-thumbnail","5":"hentry","6":"product_cat-boucles-doreilles","7":"pa_matiere-argent-925","8":"pa_modele-femme","9":"pa_pierre-principale-cristal-de-swarovski","swatches":"rey-swatches","show_selected":""},"supplier_id":null,"supplier_sku":"","barcode":null,"atum_controlled":false,"out_stock_date":null,"out_stock_threshold":null,"inheritable":false,"inbound_stock":null,"stock_on_hold":0,"sold_today":0,"sales_last_days":0,"reserved_stock":null,"customer_returns":null,"warehouse_damage":null,"lost_in_post":null,"other_logs":null,"out_stock_days":0,"lost_sales":0,"has_location":null,"update_date":"2024-01-12T22:11:05","atum_locations":[],"atum_stock_status":"instock","restock_status":false,"low_stock_amount":"","sales_update_date":null,"calc_backorders":null,"acf":[],"_links":{"self":[{"href":"https:\/\/amira.jewelry\/es\/wp-json\/wp\/v2\/product\/10459","targetHints":{"allow":["GET"]}}],"collection":[{"href":"https:\/\/amira.jewelry\/es\/wp-json\/wp\/v2\/product"}],"about":[{"href":"https:\/\/amira.jewelry\/es\/wp-json\/wp\/v2\/types\/product"}],"replies":[{"embeddable":true,"href":"https:\/\/amira.jewelry\/es\/wp-json\/wp\/v2\/comments?post=10459"}],"wp:featuredmedia":[{"embeddable":true,"href":"https:\/\/amira.jewelry\/es\/wp-json\/wp\/v2\/media\/1029841"}],"wp:attachment":[{"href":"https:\/\/amira.jewelry\/es\/wp-json\/wp\/v2\/media?parent=10459"}],"wp:term":[{"taxonomy":"product_cat","embeddable":true,"href":"https:\/\/amira.jewelry\/es\/wp-json\/wp\/v2\/product_cat?post=10459"},{"taxonomy":"product_tag","embeddable":true,"href":"https:\/\/amira.jewelry\/es\/wp-json\/wp\/v2\/product_tag?post=10459"}],"curies":[{"name":"wp","href":"https:\/\/api.w.org\/{rel}","templated":true}]}}