



{"id":10463,"date":"2021-04-26T10:28:16","date_gmt":"2021-04-26T08:28:16","guid":{"rendered":"https:\/\/woocommerce-529299-2024980.cloudwaysapps.com\/product\/boucles-doreilles-argent-et-cristal-2\/"},"modified":"2021-10-13T10:04:10","modified_gmt":"2021-10-13T08:04:10","slug":"boucles-doreilles-argent-et-cristal-2","status":"publish","type":"product","link":"https:\/\/amira.jewelry\/es\/product\/boucles-doreilles-argent-et-cristal-2\/","title":{"rendered":"Boucles d\u00bboreilles Argent et Cristal de Swarovski"},"content":{"rendered":"<p>F\u00e9minines et ultra lumineuses, ces boucles d&#8217;oreilles en argent et cristal apporteront un coup d&#8217;\u00e9clat \u00e0 votre visage et \u00e0 tous vos looks. Orn\u00e9es de cristaux bleus aux mille reflets, elles seront id\u00e9ales pour vous faire briller en journ\u00e9e comme en soir\u00e9e <\/p>\n","protected":false},"excerpt":{"rendered":"<p>F\u00e9minines et ultra lumineuses, ces boucles d&#8217;oreilles en argent et cristal apporteront un coup d&#8217;\u00e9clat \u00e0 votre visage et \u00e0 tous vos looks. Orn\u00e9es de cristaux bleus aux mille reflets, elles seront id\u00e9ales pour vous faire briller en journ\u00e9e comme en soir\u00e9e <\/p>\n","protected":false},"featured_media":1029859,"comment_status":"open","ping_status":"closed","template":"","meta":[],"product_cat":[775,821],"product_tag":[],"class_list":{"0":"post-10463","1":"product","2":"type-product","3":"status-publish","4":"has-post-thumbnail","5":"hentry","6":"product_cat-boucles-doreilles","7":"product_cat-pendantes","8":"pa_matiere-argent-925","9":"pa_modele-femme","10":"pa_pierre-principale-cristal-de-swarovski","swatches":"rey-swatches","show_selected":""},"supplier_id":null,"supplier_sku":"","barcode":null,"atum_controlled":false,"out_stock_date":null,"out_stock_threshold":null,"inheritable":false,"inbound_stock":null,"stock_on_hold":0,"sold_today":0,"sales_last_days":0,"reserved_stock":null,"customer_returns":null,"warehouse_damage":null,"lost_in_post":null,"other_logs":null,"out_stock_days":0,"lost_sales":0,"has_location":null,"update_date":"2021-10-13T06:04:13","atum_locations":[],"atum_stock_status":"instock","restock_status":false,"low_stock_amount":"","sales_update_date":null,"calc_backorders":null,"acf":[],"_links":{"self":[{"href":"https:\/\/amira.jewelry\/es\/wp-json\/wp\/v2\/product\/10463","targetHints":{"allow":["GET"]}}],"collection":[{"href":"https:\/\/amira.jewelry\/es\/wp-json\/wp\/v2\/product"}],"about":[{"href":"https:\/\/amira.jewelry\/es\/wp-json\/wp\/v2\/types\/product"}],"replies":[{"embeddable":true,"href":"https:\/\/amira.jewelry\/es\/wp-json\/wp\/v2\/comments?post=10463"}],"wp:featuredmedia":[{"embeddable":true,"href":"https:\/\/amira.jewelry\/es\/wp-json\/wp\/v2\/media\/1029859"}],"wp:attachment":[{"href":"https:\/\/amira.jewelry\/es\/wp-json\/wp\/v2\/media?parent=10463"}],"wp:term":[{"taxonomy":"product_cat","embeddable":true,"href":"https:\/\/amira.jewelry\/es\/wp-json\/wp\/v2\/product_cat?post=10463"},{"taxonomy":"product_tag","embeddable":true,"href":"https:\/\/amira.jewelry\/es\/wp-json\/wp\/v2\/product_tag?post=10463"}],"curies":[{"name":"wp","href":"https:\/\/api.w.org\/{rel}","templated":true}]}}