



{"id":10676,"date":"2021-04-26T15:46:22","date_gmt":"2021-04-26T08:46:22","guid":{"rendered":"https:\/\/woocommerce-529299-2024980.cloudwaysapps.com\/product\/bague-argent-et-oxydes-22\/"},"modified":"2021-10-13T10:04:43","modified_gmt":"2021-10-13T08:04:43","slug":"bague-argent-et-oxydes-22-2","status":"publish","type":"product","link":"https:\/\/amira.jewelry\/es\/product\/bague-argent-et-oxydes-22-2\/","title":{"rendered":"Bague Argent et Oxyde de Zirconium"},"content":{"rendered":"<p>Un design original pour cette bague en argent sertie d&#8217;oxydes blancs qui viennent rehausser l&#8217;\u00e9clat de la pierre centrale : un oxyde bleu \u00e0 la couleur intense. Une bague \u00e0 porter de jour comme de nuit pour sublimer tous vos gestes.<\/p>\n","protected":false},"excerpt":{"rendered":"<p>Un design original pour cette bague en argent sertie d&#8217;oxydes blancs qui viennent rehausser l&#8217;\u00e9clat de la pierre centrale : un oxyde bleu \u00e0 la couleur intense. Une bague \u00e0 porter de jour comme de nuit pour sublimer tous vos gestes.<\/p>\n","protected":false},"featured_media":1026041,"comment_status":"open","ping_status":"closed","template":"","meta":[],"product_cat":[811],"product_tag":[],"class_list":{"0":"post-10676","1":"product","2":"type-product","3":"status-publish","4":"has-post-thumbnail","5":"hentry","6":"product_cat-bague","7":"pa_matiere-argent-925","8":"pa_modele-femme","9":"pa_size-48-mm","10":"pa_size-50-mm","11":"pa_size-52-mm-2","12":"pa_size-53-mm-2","13":"pa_size-54-mm-2","14":"pa_size-56-mm-2","15":"pa_size-58-mm","16":"pa_size-60-mm","17":"pa_size-62-mm","swatches":"rey-swatches","show_selected":""},"supplier_id":null,"supplier_sku":"","barcode":null,"atum_controlled":false,"out_stock_date":null,"out_stock_threshold":null,"inheritable":false,"inbound_stock":null,"stock_on_hold":0,"sold_today":0,"sales_last_days":0,"reserved_stock":null,"customer_returns":null,"warehouse_damage":null,"lost_in_post":null,"other_logs":null,"out_stock_days":0,"lost_sales":0,"has_location":null,"update_date":"2021-10-13T06:04:46","atum_locations":[],"atum_stock_status":"instock","restock_status":false,"low_stock_amount":"","sales_update_date":null,"calc_backorders":null,"acf":[],"_links":{"self":[{"href":"https:\/\/amira.jewelry\/es\/wp-json\/wp\/v2\/product\/10676","targetHints":{"allow":["GET"]}}],"collection":[{"href":"https:\/\/amira.jewelry\/es\/wp-json\/wp\/v2\/product"}],"about":[{"href":"https:\/\/amira.jewelry\/es\/wp-json\/wp\/v2\/types\/product"}],"replies":[{"embeddable":true,"href":"https:\/\/amira.jewelry\/es\/wp-json\/wp\/v2\/comments?post=10676"}],"wp:featuredmedia":[{"embeddable":true,"href":"https:\/\/amira.jewelry\/es\/wp-json\/wp\/v2\/media\/1026041"}],"wp:attachment":[{"href":"https:\/\/amira.jewelry\/es\/wp-json\/wp\/v2\/media?parent=10676"}],"wp:term":[{"taxonomy":"product_cat","embeddable":true,"href":"https:\/\/amira.jewelry\/es\/wp-json\/wp\/v2\/product_cat?post=10676"},{"taxonomy":"product_tag","embeddable":true,"href":"https:\/\/amira.jewelry\/es\/wp-json\/wp\/v2\/product_tag?post=10676"}],"curies":[{"name":"wp","href":"https:\/\/api.w.org\/{rel}","templated":true}]}}