



{"id":10731,"date":"2021-04-26T16:08:10","date_gmt":"2021-04-26T09:08:10","guid":{"rendered":"https:\/\/woocommerce-529299-2024980.cloudwaysapps.com\/product\/bague-argent-et-ceramique-7\/"},"modified":"2023-02-18T13:14:06","modified_gmt":"2023-02-18T12:14:06","slug":"bague-argent-et-ceramique-7","status":"publish","type":"product","link":"https:\/\/amira.jewelry\/es\/product\/bague-argent-et-ceramique-7\/","title":{"rendered":"Bague Argent C\u00e9ramique et Oxyde de Zirconium"},"content":{"rendered":"<p>Jouez la carte de la f\u00e9minit\u00e9 et du romantisme et optez pour cette bague originale en c\u00e9ramique blanche<\/p>\n","protected":false},"excerpt":{"rendered":"<p>Jouez la carte de la f\u00e9minit\u00e9 et du romantisme et optez pour cette bague originale en c\u00e9ramique blanche<\/p>\n","protected":false},"featured_media":1025921,"comment_status":"open","ping_status":"closed","template":"","meta":[],"product_cat":[811,812],"product_tag":[],"class_list":{"0":"post-10731","1":"product","2":"type-product","3":"status-publish","4":"has-post-thumbnail","5":"hentry","6":"product_cat-bague","7":"product_cat-ceramique","8":"pa_matiere-argent-925","9":"pa_modele-femme","10":"pa_size-50-mm","11":"pa_size-52-mm-2","12":"pa_size-54-mm-2","13":"pa_size-56-mm-2","14":"pa_size-58-mm","15":"pa_size-60-mm","16":"pa_size-62-mm","swatches":"rey-swatches","show_selected":""},"supplier_id":null,"supplier_sku":"","barcode":null,"atum_controlled":false,"out_stock_date":null,"out_stock_threshold":null,"inheritable":false,"inbound_stock":null,"stock_on_hold":0,"sold_today":0,"sales_last_days":0,"reserved_stock":null,"customer_returns":null,"warehouse_damage":null,"lost_in_post":null,"other_logs":null,"out_stock_days":0,"lost_sales":0,"has_location":null,"update_date":"2023-02-18T11:14:10","atum_locations":[],"atum_stock_status":"instock","restock_status":false,"low_stock_amount":"","sales_update_date":null,"calc_backorders":null,"acf":[],"_links":{"self":[{"href":"https:\/\/amira.jewelry\/es\/wp-json\/wp\/v2\/product\/10731","targetHints":{"allow":["GET"]}}],"collection":[{"href":"https:\/\/amira.jewelry\/es\/wp-json\/wp\/v2\/product"}],"about":[{"href":"https:\/\/amira.jewelry\/es\/wp-json\/wp\/v2\/types\/product"}],"replies":[{"embeddable":true,"href":"https:\/\/amira.jewelry\/es\/wp-json\/wp\/v2\/comments?post=10731"}],"wp:featuredmedia":[{"embeddable":true,"href":"https:\/\/amira.jewelry\/es\/wp-json\/wp\/v2\/media\/1025921"}],"wp:attachment":[{"href":"https:\/\/amira.jewelry\/es\/wp-json\/wp\/v2\/media?parent=10731"}],"wp:term":[{"taxonomy":"product_cat","embeddable":true,"href":"https:\/\/amira.jewelry\/es\/wp-json\/wp\/v2\/product_cat?post=10731"},{"taxonomy":"product_tag","embeddable":true,"href":"https:\/\/amira.jewelry\/es\/wp-json\/wp\/v2\/product_tag?post=10731"}],"curies":[{"name":"wp","href":"https:\/\/api.w.org\/{rel}","templated":true}]}}