



{"id":10755,"date":"2021-04-26T16:18:22","date_gmt":"2021-04-26T09:18:22","guid":{"rendered":"https:\/\/woocommerce-529299-2024980.cloudwaysapps.com\/product\/bracelet-argent-et-oxydes-8\/"},"modified":"2021-10-13T10:03:38","modified_gmt":"2021-10-13T08:03:38","slug":"bracelet-argent-et-oxydes-8","status":"publish","type":"product","link":"https:\/\/amira.jewelry\/es\/product\/bracelet-argent-et-oxydes-8\/","title":{"rendered":"Bracelet Argent et Oxyde de Zirconium"},"content":{"rendered":"<p>Craquez pour ce bracelet argent, avec ses cercles aux multiples reflets. Un bracelet tendance et \u00e9clatant \u00e0 porter solo ou accumul\u00e9<\/p>\n","protected":false},"excerpt":{"rendered":"<p>Craquez pour ce bracelet argent, avec ses cercles aux multiples reflets. Un bracelet tendance et \u00e9clatant \u00e0 porter solo ou accumul\u00e9<\/p>\n","protected":false},"featured_media":1027695,"comment_status":"open","ping_status":"closed","template":"","meta":[],"product_cat":[809],"product_tag":[],"class_list":{"0":"post-10755","1":"product","2":"type-product","3":"status-publish","4":"has-post-thumbnail","5":"hentry","6":"product_cat-bracelet","7":"pa_matiere-argent-925","8":"pa_modele-femme","swatches":"rey-swatches","show_selected":""},"supplier_id":null,"supplier_sku":"","barcode":null,"atum_controlled":false,"out_stock_date":null,"out_stock_threshold":null,"inheritable":false,"inbound_stock":null,"stock_on_hold":0,"sold_today":0,"sales_last_days":0,"reserved_stock":null,"customer_returns":null,"warehouse_damage":null,"lost_in_post":null,"other_logs":null,"out_stock_days":0,"lost_sales":0,"has_location":null,"update_date":"2021-10-13T06:03:40","atum_locations":[],"atum_stock_status":"instock","restock_status":false,"low_stock_amount":"","sales_update_date":null,"calc_backorders":null,"acf":[],"_links":{"self":[{"href":"https:\/\/amira.jewelry\/es\/wp-json\/wp\/v2\/product\/10755","targetHints":{"allow":["GET"]}}],"collection":[{"href":"https:\/\/amira.jewelry\/es\/wp-json\/wp\/v2\/product"}],"about":[{"href":"https:\/\/amira.jewelry\/es\/wp-json\/wp\/v2\/types\/product"}],"replies":[{"embeddable":true,"href":"https:\/\/amira.jewelry\/es\/wp-json\/wp\/v2\/comments?post=10755"}],"wp:featuredmedia":[{"embeddable":true,"href":"https:\/\/amira.jewelry\/es\/wp-json\/wp\/v2\/media\/1027695"}],"wp:attachment":[{"href":"https:\/\/amira.jewelry\/es\/wp-json\/wp\/v2\/media?parent=10755"}],"wp:term":[{"taxonomy":"product_cat","embeddable":true,"href":"https:\/\/amira.jewelry\/es\/wp-json\/wp\/v2\/product_cat?post=10755"},{"taxonomy":"product_tag","embeddable":true,"href":"https:\/\/amira.jewelry\/es\/wp-json\/wp\/v2\/product_tag?post=10755"}],"curies":[{"name":"wp","href":"https:\/\/api.w.org\/{rel}","templated":true}]}}