



{"id":10894,"date":"2021-04-26T16:28:46","date_gmt":"2021-04-26T09:28:46","guid":{"rendered":"https:\/\/woocommerce-529299-2024980.cloudwaysapps.com\/product\/collier-or-blanc-375-milliemes-et-oxydes\/"},"modified":"2021-10-13T10:04:18","modified_gmt":"2021-10-13T08:04:18","slug":"collier-or-blanc-375-milliemes-et-oxydes","status":"publish","type":"product","link":"https:\/\/amira.jewelry\/es\/product\/collier-or-blanc-375-milliemes-et-oxydes\/","title":{"rendered":"Collier Or 375 milli\u00e8mes et Oxyde de Zirconium"},"content":{"rendered":"<p>Jouez la carte du glam et mettez en valeur votre d\u00e9collet\u00e9 en optant pour ce collier en or et oxydes qui vous fera \u00e0 coup s\u00fbr briller du plus bel \u00e9clat !<\/p>\n","protected":false},"excerpt":{"rendered":"<p>Jouez la carte du glam et mettez en valeur votre d\u00e9collet\u00e9 en optant pour ce collier en or et oxydes qui vous fera \u00e0 coup s\u00fbr briller du plus bel \u00e9clat !<\/p>\n","protected":false},"featured_media":1028369,"comment_status":"open","ping_status":"closed","template":"","meta":[],"product_cat":[813],"product_tag":[],"class_list":{"0":"post-10894","1":"product","2":"type-product","3":"status-publish","4":"has-post-thumbnail","5":"hentry","6":"product_cat-collier","7":"pa_matiere-or-375-blanc","8":"pa_modele-femme","swatches":"rey-swatches","show_selected":""},"supplier_id":null,"supplier_sku":"","barcode":null,"atum_controlled":false,"out_stock_date":null,"out_stock_threshold":null,"inheritable":false,"inbound_stock":null,"stock_on_hold":0,"sold_today":0,"sales_last_days":0,"reserved_stock":null,"customer_returns":null,"warehouse_damage":null,"lost_in_post":null,"other_logs":null,"out_stock_days":0,"lost_sales":0,"has_location":null,"update_date":"2021-10-13T06:04:21","atum_locations":[],"atum_stock_status":"outofstock","restock_status":false,"low_stock_amount":"","sales_update_date":null,"calc_backorders":null,"acf":[],"_links":{"self":[{"href":"https:\/\/amira.jewelry\/es\/wp-json\/wp\/v2\/product\/10894","targetHints":{"allow":["GET"]}}],"collection":[{"href":"https:\/\/amira.jewelry\/es\/wp-json\/wp\/v2\/product"}],"about":[{"href":"https:\/\/amira.jewelry\/es\/wp-json\/wp\/v2\/types\/product"}],"replies":[{"embeddable":true,"href":"https:\/\/amira.jewelry\/es\/wp-json\/wp\/v2\/comments?post=10894"}],"wp:featuredmedia":[{"embeddable":true,"href":"https:\/\/amira.jewelry\/es\/wp-json\/wp\/v2\/media\/1028369"}],"wp:attachment":[{"href":"https:\/\/amira.jewelry\/es\/wp-json\/wp\/v2\/media?parent=10894"}],"wp:term":[{"taxonomy":"product_cat","embeddable":true,"href":"https:\/\/amira.jewelry\/es\/wp-json\/wp\/v2\/product_cat?post=10894"},{"taxonomy":"product_tag","embeddable":true,"href":"https:\/\/amira.jewelry\/es\/wp-json\/wp\/v2\/product_tag?post=10894"}],"curies":[{"name":"wp","href":"https:\/\/api.w.org\/{rel}","templated":true}]}}