



{"id":10999,"date":"2021-04-26T16:34:40","date_gmt":"2021-04-26T09:34:40","guid":{"rendered":"https:\/\/woocommerce-529299-2024980.cloudwaysapps.com\/product\/collier-argent-et-cristal-5\/"},"modified":"2021-10-13T10:04:22","modified_gmt":"2021-10-13T08:04:22","slug":"collier-argent-et-cristal-5","status":"publish","type":"product","link":"https:\/\/amira.jewelry\/es\/product\/collier-argent-et-cristal-5\/","title":{"rendered":"Collier Argent et Cristal de Swarovski"},"content":{"rendered":"<p>Ces deux c\u0153urs superpos\u00e9s, le premier en argent et le second, plus imposant, en cristal de Swarovski mauve, ne laisseront personne indiff\u00e9rent, et surtout pas les amoureuses de pi\u00e8ces originales ! Un collier audacieux \u00e0 porter quelle que soit l&#8217;occasion p<\/p>\n","protected":false},"excerpt":{"rendered":"<p>Ces deux c\u0153urs superpos\u00e9s, le premier en argent et le second, plus imposant, en cristal de Swarovski mauve, ne laisseront personne indiff\u00e9rent, et surtout pas les amoureuses de pi\u00e8ces originales ! Un collier audacieux \u00e0 porter quelle que soit l&#8217;occasion p<\/p>\n","protected":false},"featured_media":1028495,"comment_status":"open","ping_status":"closed","template":"","meta":[],"product_cat":[813],"product_tag":[],"class_list":{"0":"post-10999","1":"product","2":"type-product","3":"status-publish","4":"has-post-thumbnail","5":"hentry","6":"product_cat-collier","7":"pa_matiere-argent-925","8":"pa_modele-femme","swatches":"rey-swatches","show_selected":""},"supplier_id":null,"supplier_sku":"","barcode":null,"atum_controlled":false,"out_stock_date":null,"out_stock_threshold":null,"inheritable":false,"inbound_stock":null,"stock_on_hold":0,"sold_today":0,"sales_last_days":0,"reserved_stock":null,"customer_returns":null,"warehouse_damage":null,"lost_in_post":null,"other_logs":null,"out_stock_days":0,"lost_sales":0,"has_location":null,"update_date":"2021-10-13T06:04:24","atum_locations":[],"atum_stock_status":"instock","restock_status":false,"low_stock_amount":"","sales_update_date":null,"calc_backorders":null,"acf":[],"_links":{"self":[{"href":"https:\/\/amira.jewelry\/es\/wp-json\/wp\/v2\/product\/10999","targetHints":{"allow":["GET"]}}],"collection":[{"href":"https:\/\/amira.jewelry\/es\/wp-json\/wp\/v2\/product"}],"about":[{"href":"https:\/\/amira.jewelry\/es\/wp-json\/wp\/v2\/types\/product"}],"replies":[{"embeddable":true,"href":"https:\/\/amira.jewelry\/es\/wp-json\/wp\/v2\/comments?post=10999"}],"wp:featuredmedia":[{"embeddable":true,"href":"https:\/\/amira.jewelry\/es\/wp-json\/wp\/v2\/media\/1028495"}],"wp:attachment":[{"href":"https:\/\/amira.jewelry\/es\/wp-json\/wp\/v2\/media?parent=10999"}],"wp:term":[{"taxonomy":"product_cat","embeddable":true,"href":"https:\/\/amira.jewelry\/es\/wp-json\/wp\/v2\/product_cat?post=10999"},{"taxonomy":"product_tag","embeddable":true,"href":"https:\/\/amira.jewelry\/es\/wp-json\/wp\/v2\/product_tag?post=10999"}],"curies":[{"name":"wp","href":"https:\/\/api.w.org\/{rel}","templated":true}]}}