



{"id":11223,"date":"2021-04-26T11:47:16","date_gmt":"2021-04-26T09:47:16","guid":{"rendered":"https:\/\/woocommerce-529299-2024980.cloudwaysapps.com\/product\/bague-or-jaune-375-milliemes-et-oxydes-2\/"},"modified":"2021-10-13T10:04:52","modified_gmt":"2021-10-13T08:04:52","slug":"bague-or-jaune-375-milliemes-et-oxydes-2","status":"publish","type":"product","link":"https:\/\/amira.jewelry\/es\/product\/bague-or-jaune-375-milliemes-et-oxydes-2\/","title":{"rendered":"Bague Or 375 milli\u00e8mes et Oxyde de Zirconium"},"content":{"rendered":"<p>Gliss\u00e9e \u00e0 votre doigt, cette irr\u00e9sistible bague enjolivera vos mains et vos gestes en toutes occasions. L\u2019anneau est serti d&#8217;oxydes pour mieux encadrer et magnifier la pierre centrale<\/p>\n","protected":false},"excerpt":{"rendered":"<p>Gliss\u00e9e \u00e0 votre doigt, cette irr\u00e9sistible bague enjolivera vos mains et vos gestes en toutes occasions. L\u2019anneau est serti d&#8217;oxydes pour mieux encadrer et magnifier la pierre centrale<\/p>\n","protected":false},"featured_media":1026473,"comment_status":"open","ping_status":"closed","template":"","meta":[],"product_cat":[811,815],"product_tag":[],"class_list":{"0":"post-11223","1":"product","2":"type-product","3":"status-publish","4":"has-post-thumbnail","5":"hentry","6":"product_cat-bague","7":"product_cat-solitaire","8":"pa_matiere-or-375-jaune","9":"pa_modele-femme","10":"pa_pierre-principale-oxyde-de-zirconium","11":"pa_size-47-mm","12":"pa_size-48-mm","13":"pa_size-49-mm","14":"pa_size-50-mm","15":"pa_size-51-mm","16":"pa_size-52-mm-2","17":"pa_size-53-mm-2","18":"pa_size-54-mm-2","19":"pa_size-55-mm","20":"pa_size-56-mm-2","21":"pa_size-57-mm","22":"pa_size-58-mm","23":"pa_size-59-mm","24":"pa_size-60-mm","25":"pa_size-61-mm","26":"pa_size-62-mm","27":"pa_size-63-mm","28":"pa_size-66-mm","swatches":"rey-swatches","show_selected":""},"supplier_id":null,"supplier_sku":"","barcode":null,"atum_controlled":false,"out_stock_date":null,"out_stock_threshold":null,"inheritable":false,"inbound_stock":null,"stock_on_hold":0,"sold_today":0,"sales_last_days":0,"reserved_stock":null,"customer_returns":null,"warehouse_damage":null,"lost_in_post":null,"other_logs":null,"out_stock_days":0,"lost_sales":0,"has_location":null,"update_date":"2021-10-13T06:04:56","atum_locations":[],"atum_stock_status":"instock","restock_status":false,"low_stock_amount":"","sales_update_date":null,"calc_backorders":null,"acf":[],"_links":{"self":[{"href":"https:\/\/amira.jewelry\/es\/wp-json\/wp\/v2\/product\/11223","targetHints":{"allow":["GET"]}}],"collection":[{"href":"https:\/\/amira.jewelry\/es\/wp-json\/wp\/v2\/product"}],"about":[{"href":"https:\/\/amira.jewelry\/es\/wp-json\/wp\/v2\/types\/product"}],"replies":[{"embeddable":true,"href":"https:\/\/amira.jewelry\/es\/wp-json\/wp\/v2\/comments?post=11223"}],"wp:featuredmedia":[{"embeddable":true,"href":"https:\/\/amira.jewelry\/es\/wp-json\/wp\/v2\/media\/1026473"}],"wp:attachment":[{"href":"https:\/\/amira.jewelry\/es\/wp-json\/wp\/v2\/media?parent=11223"}],"wp:term":[{"taxonomy":"product_cat","embeddable":true,"href":"https:\/\/amira.jewelry\/es\/wp-json\/wp\/v2\/product_cat?post=11223"},{"taxonomy":"product_tag","embeddable":true,"href":"https:\/\/amira.jewelry\/es\/wp-json\/wp\/v2\/product_tag?post=11223"}],"curies":[{"name":"wp","href":"https:\/\/api.w.org\/{rel}","templated":true}]}}