



{"id":11279,"date":"2021-04-26T11:49:46","date_gmt":"2021-04-26T09:49:46","guid":{"rendered":"https:\/\/woocommerce-529299-2024980.cloudwaysapps.com\/product\/bague-argent-et-oxydes-48\/"},"modified":"2021-10-13T10:05:10","modified_gmt":"2021-10-13T08:05:10","slug":"bague-argent-et-oxydes-48","status":"publish","type":"product","link":"https:\/\/amira.jewelry\/es\/product\/bague-argent-et-oxydes-48\/","title":{"rendered":"Bague Argent et Oxyde de Zirconium"},"content":{"rendered":"<p>Misez sur l&#8217;\u00e9l\u00e9gance et la d\u00e9licatesse de cette bague en argent et oxydes. Gliss\u00e9 \u00e0 votre doigt, ce bijou aux courbes arrondies sera du plus bel effet et ne manquera pas d&#8217;attirer tous les regards.<\/p>\n","protected":false},"excerpt":{"rendered":"<p>Misez sur l&#8217;\u00e9l\u00e9gance et la d\u00e9licatesse de cette bague en argent et oxydes. Gliss\u00e9 \u00e0 votre doigt, ce bijou aux courbes arrondies sera du plus bel effet et ne manquera pas d&#8217;attirer tous les regards.<\/p>\n","protected":false},"featured_media":1027043,"comment_status":"open","ping_status":"closed","template":"","meta":[],"product_cat":[811,815],"product_tag":[],"class_list":{"0":"post-11279","1":"product","2":"type-product","3":"status-publish","4":"has-post-thumbnail","5":"hentry","6":"product_cat-bague","7":"product_cat-solitaire","8":"pa_matiere-argent-925","9":"pa_modele-femme","10":"pa_pierre-principale-oxyde-de-zirconium","11":"pa_size-48-mm","12":"pa_size-50-mm","13":"pa_size-52-mm-2","14":"pa_size-54-mm-2","15":"pa_size-56-mm-2","16":"pa_size-58-mm","17":"pa_size-60-mm","18":"pa_size-62-mm","19":"pa_size-64-mm","swatches":"rey-swatches","show_selected":""},"supplier_id":null,"supplier_sku":"","barcode":null,"atum_controlled":false,"out_stock_date":null,"out_stock_threshold":null,"inheritable":false,"inbound_stock":null,"stock_on_hold":0,"sold_today":0,"sales_last_days":0,"reserved_stock":null,"customer_returns":null,"warehouse_damage":null,"lost_in_post":null,"other_logs":null,"out_stock_days":0,"lost_sales":0,"has_location":null,"update_date":"2021-10-13T06:05:13","atum_locations":[],"atum_stock_status":"instock","restock_status":false,"low_stock_amount":"","sales_update_date":null,"calc_backorders":null,"acf":[],"_links":{"self":[{"href":"https:\/\/amira.jewelry\/es\/wp-json\/wp\/v2\/product\/11279","targetHints":{"allow":["GET"]}}],"collection":[{"href":"https:\/\/amira.jewelry\/es\/wp-json\/wp\/v2\/product"}],"about":[{"href":"https:\/\/amira.jewelry\/es\/wp-json\/wp\/v2\/types\/product"}],"replies":[{"embeddable":true,"href":"https:\/\/amira.jewelry\/es\/wp-json\/wp\/v2\/comments?post=11279"}],"wp:featuredmedia":[{"embeddable":true,"href":"https:\/\/amira.jewelry\/es\/wp-json\/wp\/v2\/media\/1027043"}],"wp:attachment":[{"href":"https:\/\/amira.jewelry\/es\/wp-json\/wp\/v2\/media?parent=11279"}],"wp:term":[{"taxonomy":"product_cat","embeddable":true,"href":"https:\/\/amira.jewelry\/es\/wp-json\/wp\/v2\/product_cat?post=11279"},{"taxonomy":"product_tag","embeddable":true,"href":"https:\/\/amira.jewelry\/es\/wp-json\/wp\/v2\/product_tag?post=11279"}],"curies":[{"name":"wp","href":"https:\/\/api.w.org\/{rel}","templated":true}]}}