



{"id":11377,"date":"2021-04-26T11:54:27","date_gmt":"2021-04-26T09:54:27","guid":{"rendered":"https:\/\/woocommerce-529299-2024980.cloudwaysapps.com\/product\/bague-ceramique-3\/"},"modified":"2021-10-13T10:05:14","modified_gmt":"2021-10-13T08:05:14","slug":"bague-ceramique-3","status":"publish","type":"product","link":"https:\/\/amira.jewelry\/es\/product\/bague-ceramique-3\/","title":{"rendered":"Bague C\u00e9ramique"},"content":{"rendered":"<p>Simplicit\u00e9 et \u00e9l\u00e9gance r\u00e9unis dans cet anneau en c\u00e9ramique blanche ! Une bague sobre au style intemporel capable d&#8217;\u00eatre associ\u00e9 \u00e0 d&#8217;autres bagues !<\/p>\n","protected":false},"excerpt":{"rendered":"<p>Simplicit\u00e9 et \u00e9l\u00e9gance r\u00e9unis dans cet anneau en c\u00e9ramique blanche ! Une bague sobre au style intemporel capable d&#8217;\u00eatre associ\u00e9 \u00e0 d&#8217;autres bagues !<\/p>\n","protected":false},"featured_media":1027103,"comment_status":"open","ping_status":"closed","template":"","meta":[],"product_cat":[822,811],"product_tag":[],"class_list":{"0":"post-11377","1":"product","2":"type-product","3":"status-publish","4":"has-post-thumbnail","5":"hentry","6":"product_cat-alliance","7":"product_cat-bague","8":"pa_matiere-argent-925","9":"pa_modele-femme","10":"pa_pierre-principale-ceramique","11":"pa_size-48-mm","12":"pa_size-50-mm","13":"pa_size-52-mm-2","14":"pa_size-54-mm-2","15":"pa_size-56-mm-2","16":"pa_size-58-mm","17":"pa_size-60-mm","18":"pa_size-62-mm","swatches":"rey-swatches","show_selected":""},"supplier_id":null,"supplier_sku":"","barcode":null,"atum_controlled":false,"out_stock_date":null,"out_stock_threshold":null,"inheritable":false,"inbound_stock":null,"stock_on_hold":0,"sold_today":0,"sales_last_days":0,"reserved_stock":null,"customer_returns":null,"warehouse_damage":null,"lost_in_post":null,"other_logs":null,"out_stock_days":0,"lost_sales":0,"has_location":null,"update_date":"2021-10-13T06:05:16","atum_locations":[],"atum_stock_status":"instock","restock_status":false,"low_stock_amount":"","sales_update_date":null,"calc_backorders":null,"acf":[],"_links":{"self":[{"href":"https:\/\/amira.jewelry\/es\/wp-json\/wp\/v2\/product\/11377","targetHints":{"allow":["GET"]}}],"collection":[{"href":"https:\/\/amira.jewelry\/es\/wp-json\/wp\/v2\/product"}],"about":[{"href":"https:\/\/amira.jewelry\/es\/wp-json\/wp\/v2\/types\/product"}],"replies":[{"embeddable":true,"href":"https:\/\/amira.jewelry\/es\/wp-json\/wp\/v2\/comments?post=11377"}],"wp:featuredmedia":[{"embeddable":true,"href":"https:\/\/amira.jewelry\/es\/wp-json\/wp\/v2\/media\/1027103"}],"wp:attachment":[{"href":"https:\/\/amira.jewelry\/es\/wp-json\/wp\/v2\/media?parent=11377"}],"wp:term":[{"taxonomy":"product_cat","embeddable":true,"href":"https:\/\/amira.jewelry\/es\/wp-json\/wp\/v2\/product_cat?post=11377"},{"taxonomy":"product_tag","embeddable":true,"href":"https:\/\/amira.jewelry\/es\/wp-json\/wp\/v2\/product_tag?post=11377"}],"curies":[{"name":"wp","href":"https:\/\/api.w.org\/{rel}","templated":true}]}}