



{"id":11383,"date":"2021-04-26T11:54:48","date_gmt":"2021-04-26T09:54:48","guid":{"rendered":"https:\/\/woocommerce-529299-2024980.cloudwaysapps.com\/product\/bague-argent-et-ceramique-12\/"},"modified":"2021-10-13T10:05:03","modified_gmt":"2021-10-13T08:05:03","slug":"bague-argent-et-ceramique-12","status":"publish","type":"product","link":"https:\/\/amira.jewelry\/es\/product\/bague-argent-et-ceramique-12\/","title":{"rendered":"Bague Argent C\u00e9ramique et Oxyde de Zirconium"},"content":{"rendered":"<p>Optez pour l&#8217;originalit\u00e9 avec cette bague pour femme en c\u00e9ramique noire au style tr\u00e8s tendance. La puret\u00e9 et la finesse de son design ajouteront \u00e0 votre look quotidien une note de modernit\u00e9 discr\u00e8te. <\/p>\n","protected":false},"excerpt":{"rendered":"<p>Optez pour l&#8217;originalit\u00e9 avec cette bague pour femme en c\u00e9ramique noire au style tr\u00e8s tendance. La puret\u00e9 et la finesse de son design ajouteront \u00e0 votre look quotidien une note de modernit\u00e9 discr\u00e8te. <\/p>\n","protected":false},"featured_media":1026767,"comment_status":"open","ping_status":"closed","template":"","meta":[],"product_cat":[811,812],"product_tag":[],"class_list":{"0":"post-11383","1":"product","2":"type-product","3":"status-publish","4":"has-post-thumbnail","5":"hentry","6":"product_cat-bague","7":"product_cat-ceramique","8":"pa_matiere-argent-925","9":"pa_modele-femme","10":"pa_pierre-principale-argent-ceramique","11":"pa_size-42-mm","12":"pa_size-50-mm","13":"pa_size-52-mm-2","14":"pa_size-54-mm-2","15":"pa_size-56-mm-2","16":"pa_size-58-mm","17":"pa_size-60-mm","18":"pa_size-62-mm","swatches":"rey-swatches","show_selected":""},"supplier_id":null,"supplier_sku":"","barcode":null,"atum_controlled":false,"out_stock_date":null,"out_stock_threshold":null,"inheritable":false,"inbound_stock":null,"stock_on_hold":0,"sold_today":0,"sales_last_days":0,"reserved_stock":null,"customer_returns":null,"warehouse_damage":null,"lost_in_post":null,"other_logs":null,"out_stock_days":0,"lost_sales":0,"has_location":null,"update_date":"2021-10-13T06:05:07","atum_locations":[],"atum_stock_status":"instock","restock_status":false,"low_stock_amount":"","sales_update_date":null,"calc_backorders":null,"acf":[],"_links":{"self":[{"href":"https:\/\/amira.jewelry\/es\/wp-json\/wp\/v2\/product\/11383","targetHints":{"allow":["GET"]}}],"collection":[{"href":"https:\/\/amira.jewelry\/es\/wp-json\/wp\/v2\/product"}],"about":[{"href":"https:\/\/amira.jewelry\/es\/wp-json\/wp\/v2\/types\/product"}],"replies":[{"embeddable":true,"href":"https:\/\/amira.jewelry\/es\/wp-json\/wp\/v2\/comments?post=11383"}],"wp:featuredmedia":[{"embeddable":true,"href":"https:\/\/amira.jewelry\/es\/wp-json\/wp\/v2\/media\/1026767"}],"wp:attachment":[{"href":"https:\/\/amira.jewelry\/es\/wp-json\/wp\/v2\/media?parent=11383"}],"wp:term":[{"taxonomy":"product_cat","embeddable":true,"href":"https:\/\/amira.jewelry\/es\/wp-json\/wp\/v2\/product_cat?post=11383"},{"taxonomy":"product_tag","embeddable":true,"href":"https:\/\/amira.jewelry\/es\/wp-json\/wp\/v2\/product_tag?post=11383"}],"curies":[{"name":"wp","href":"https:\/\/api.w.org\/{rel}","templated":true}]}}