



{"id":11508,"date":"2021-04-26T17:01:27","date_gmt":"2021-04-26T10:01:27","guid":{"rendered":"https:\/\/woocommerce-529299-2024980.cloudwaysapps.com\/product\/bracelet-argent-et-cristal-10\/"},"modified":"2021-10-13T10:03:46","modified_gmt":"2021-10-13T08:03:46","slug":"bracelet-argent-et-cristal-10","status":"publish","type":"product","link":"https:\/\/amira.jewelry\/es\/product\/bracelet-argent-et-cristal-10\/","title":{"rendered":"Bracelet Argent et Cristal de Swarovski"},"content":{"rendered":"<p>Ce joli bracelet en argent et cristal  de Swarovski blanc vous s\u00e9duira par la finesse de son design. Un bracelet d\u00e9licat et original \u00e0 adopter sans la moindre h\u00e9sitation !  <\/p>\n","protected":false},"excerpt":{"rendered":"<p>Ce joli bracelet en argent et cristal  de Swarovski blanc vous s\u00e9duira par la finesse de son design. Un bracelet d\u00e9licat et original \u00e0 adopter sans la moindre h\u00e9sitation !  <\/p>\n","protected":false},"featured_media":1028073,"comment_status":"open","ping_status":"closed","template":"","meta":[],"product_cat":[809],"product_tag":[],"class_list":{"0":"post-11508","1":"product","2":"type-product","3":"status-publish","4":"has-post-thumbnail","5":"hentry","6":"product_cat-bracelet","7":"pa_matiere-argent-925","8":"pa_modele-femme","9":"pa_pierre-principale-cristal","swatches":"rey-swatches","show_selected":""},"supplier_id":null,"supplier_sku":"","barcode":null,"atum_controlled":false,"out_stock_date":null,"out_stock_threshold":null,"inheritable":false,"inbound_stock":null,"stock_on_hold":0,"sold_today":0,"sales_last_days":0,"reserved_stock":null,"customer_returns":null,"warehouse_damage":null,"lost_in_post":null,"other_logs":null,"out_stock_days":0,"lost_sales":0,"has_location":null,"update_date":"2021-10-13T06:03:48","atum_locations":[],"atum_stock_status":"instock","restock_status":false,"low_stock_amount":"","sales_update_date":null,"calc_backorders":null,"acf":[],"_links":{"self":[{"href":"https:\/\/amira.jewelry\/es\/wp-json\/wp\/v2\/product\/11508","targetHints":{"allow":["GET"]}}],"collection":[{"href":"https:\/\/amira.jewelry\/es\/wp-json\/wp\/v2\/product"}],"about":[{"href":"https:\/\/amira.jewelry\/es\/wp-json\/wp\/v2\/types\/product"}],"replies":[{"embeddable":true,"href":"https:\/\/amira.jewelry\/es\/wp-json\/wp\/v2\/comments?post=11508"}],"wp:featuredmedia":[{"embeddable":true,"href":"https:\/\/amira.jewelry\/es\/wp-json\/wp\/v2\/media\/1028073"}],"wp:attachment":[{"href":"https:\/\/amira.jewelry\/es\/wp-json\/wp\/v2\/media?parent=11508"}],"wp:term":[{"taxonomy":"product_cat","embeddable":true,"href":"https:\/\/amira.jewelry\/es\/wp-json\/wp\/v2\/product_cat?post=11508"},{"taxonomy":"product_tag","embeddable":true,"href":"https:\/\/amira.jewelry\/es\/wp-json\/wp\/v2\/product_tag?post=11508"}],"curies":[{"name":"wp","href":"https:\/\/api.w.org\/{rel}","templated":true}]}}