



{"id":12124,"date":"2021-04-26T12:50:30","date_gmt":"2021-04-26T10:50:30","guid":{"rendered":"https:\/\/woocommerce-529299-2024980.cloudwaysapps.com\/product\/boucles-doreilles-or-jaune-750-milliemes-et-diamants\/"},"modified":"2021-10-13T10:03:50","modified_gmt":"2021-10-13T08:03:50","slug":"boucles-doreilles-or-jaune-750-milliemes-et-diamants","status":"publish","type":"product","link":"https:\/\/amira.jewelry\/es\/product\/boucles-doreilles-or-jaune-750-milliemes-et-diamants\/","title":{"rendered":"Boucles d\u00bboreilles Or 750 milli\u00e8mes Emeraude et Topaze"},"content":{"rendered":"<p>Jouez la carte de la f\u00e9minit\u00e9 pour vos bijoux et optez sans h\u00e9siter pour ces boucles d&#8217;oreilles en or jaune 750 milli\u00e8mes serties d&#8217;\u00e9meraudes, topaze et diamants. D\u00e9licates et pr\u00e9cieuses, ces boucles d&#8217;oreilles sont en passe de devenir un incontournable d<\/p>\n","protected":false},"excerpt":{"rendered":"<p>Jouez la carte de la f\u00e9minit\u00e9 pour vos bijoux et optez sans h\u00e9siter pour ces boucles d&#8217;oreilles en or jaune 750 milli\u00e8mes serties d&#8217;\u00e9meraudes, topaze et diamants. D\u00e9licates et pr\u00e9cieuses, ces boucles d&#8217;oreilles sont en passe de devenir un incontournable d<\/p>\n","protected":false},"featured_media":1029049,"comment_status":"open","ping_status":"closed","template":"","meta":[],"product_cat":[775,818],"product_tag":[],"class_list":{"0":"post-12124","1":"product","2":"type-product","3":"status-publish","4":"has-post-thumbnail","5":"hentry","6":"product_cat-boucles-doreilles","7":"product_cat-creoles","8":"pa_matiere-or-750-jaune","9":"pa_modele-femme","10":"pa_pierre-principale-emeraude","swatches":"rey-swatches","show_selected":""},"supplier_id":null,"supplier_sku":"","barcode":null,"atum_controlled":false,"out_stock_date":"2021-04-26 10:50:33","out_stock_threshold":null,"inheritable":false,"inbound_stock":null,"stock_on_hold":0,"sold_today":0,"sales_last_days":0,"reserved_stock":null,"customer_returns":null,"warehouse_damage":null,"lost_in_post":null,"other_logs":null,"out_stock_days":36,"lost_sales":0,"has_location":null,"update_date":"2021-10-13T06:03:52","atum_locations":[],"atum_stock_status":"instock","restock_status":false,"low_stock_amount":"","sales_update_date":null,"calc_backorders":null,"acf":[],"_links":{"self":[{"href":"https:\/\/amira.jewelry\/es\/wp-json\/wp\/v2\/product\/12124","targetHints":{"allow":["GET"]}}],"collection":[{"href":"https:\/\/amira.jewelry\/es\/wp-json\/wp\/v2\/product"}],"about":[{"href":"https:\/\/amira.jewelry\/es\/wp-json\/wp\/v2\/types\/product"}],"replies":[{"embeddable":true,"href":"https:\/\/amira.jewelry\/es\/wp-json\/wp\/v2\/comments?post=12124"}],"wp:featuredmedia":[{"embeddable":true,"href":"https:\/\/amira.jewelry\/es\/wp-json\/wp\/v2\/media\/1029049"}],"wp:attachment":[{"href":"https:\/\/amira.jewelry\/es\/wp-json\/wp\/v2\/media?parent=12124"}],"wp:term":[{"taxonomy":"product_cat","embeddable":true,"href":"https:\/\/amira.jewelry\/es\/wp-json\/wp\/v2\/product_cat?post=12124"},{"taxonomy":"product_tag","embeddable":true,"href":"https:\/\/amira.jewelry\/es\/wp-json\/wp\/v2\/product_tag?post=12124"}],"curies":[{"name":"wp","href":"https:\/\/api.w.org\/{rel}","templated":true}]}}