



{"id":12133,"date":"2021-04-26T12:51:06","date_gmt":"2021-04-26T10:51:06","guid":{"rendered":"https:\/\/woocommerce-529299-2024980.cloudwaysapps.com\/product\/collier-or-jaune-750-milliemes-et-diamants\/"},"modified":"2021-10-13T10:04:18","modified_gmt":"2021-10-13T08:04:18","slug":"collier-or-jaune-750-milliemes-et-diamants","status":"publish","type":"product","link":"https:\/\/amira.jewelry\/es\/product\/collier-or-jaune-750-milliemes-et-diamants\/","title":{"rendered":"Collier Or 375 milli\u00e8mes Saphir et Diamant"},"content":{"rendered":"<p>Misez sur l&#8217;\u00e9l\u00e9gance de ce collier en or, saphir et diamants. Ses lignes arrondies en font un collier original qui attirera \u00e0 coup s\u00fbr tous les regards.\u00a0 Craquez sans la moindre h\u00e9sitation !\u00a0<\/p>\n","protected":false},"excerpt":{"rendered":"<p>Misez sur l&#8217;\u00e9l\u00e9gance de ce collier en or, saphir et diamants. Ses lignes arrondies en font un collier original qui attirera \u00e0 coup s\u00fbr tous les regards.\u00a0 Craquez sans la moindre h\u00e9sitation !\u00a0<\/p>\n","protected":false},"featured_media":1028351,"comment_status":"open","ping_status":"closed","template":"","meta":[],"product_cat":[813],"product_tag":[],"class_list":{"0":"post-12133","1":"product","2":"type-product","3":"status-publish","4":"has-post-thumbnail","5":"hentry","6":"product_cat-collier","7":"pa_matiere-or-375-jaune","8":"pa_modele-femme","9":"pa_pierre-principale-diamant-saphir","swatches":"rey-swatches","show_selected":""},"supplier_id":null,"supplier_sku":"","barcode":null,"atum_controlled":false,"out_stock_date":null,"out_stock_threshold":null,"inheritable":false,"inbound_stock":null,"stock_on_hold":0,"sold_today":0,"sales_last_days":0,"reserved_stock":null,"customer_returns":null,"warehouse_damage":null,"lost_in_post":null,"other_logs":null,"out_stock_days":0,"lost_sales":0,"has_location":null,"update_date":"2021-10-13T06:04:21","atum_locations":[],"atum_stock_status":"outofstock","restock_status":false,"low_stock_amount":"","sales_update_date":null,"calc_backorders":null,"acf":[],"_links":{"self":[{"href":"https:\/\/amira.jewelry\/es\/wp-json\/wp\/v2\/product\/12133","targetHints":{"allow":["GET"]}}],"collection":[{"href":"https:\/\/amira.jewelry\/es\/wp-json\/wp\/v2\/product"}],"about":[{"href":"https:\/\/amira.jewelry\/es\/wp-json\/wp\/v2\/types\/product"}],"replies":[{"embeddable":true,"href":"https:\/\/amira.jewelry\/es\/wp-json\/wp\/v2\/comments?post=12133"}],"wp:featuredmedia":[{"embeddable":true,"href":"https:\/\/amira.jewelry\/es\/wp-json\/wp\/v2\/media\/1028351"}],"wp:attachment":[{"href":"https:\/\/amira.jewelry\/es\/wp-json\/wp\/v2\/media?parent=12133"}],"wp:term":[{"taxonomy":"product_cat","embeddable":true,"href":"https:\/\/amira.jewelry\/es\/wp-json\/wp\/v2\/product_cat?post=12133"},{"taxonomy":"product_tag","embeddable":true,"href":"https:\/\/amira.jewelry\/es\/wp-json\/wp\/v2\/product_tag?post=12133"}],"curies":[{"name":"wp","href":"https:\/\/api.w.org\/{rel}","templated":true}]}}