



{"id":12225,"date":"2021-04-26T12:56:02","date_gmt":"2021-04-26T10:56:02","guid":{"rendered":"https:\/\/woocommerce-529299-2024980.cloudwaysapps.com\/product\/collier-or-jaune-375-milliemes\/"},"modified":"2021-10-13T10:04:35","modified_gmt":"2021-10-13T08:04:35","slug":"collier-or-jaune-375-milliemes","status":"publish","type":"product","link":"https:\/\/amira.jewelry\/es\/product\/collier-or-jaune-375-milliemes\/","title":{"rendered":"Charm\u00bbs Or 375 milli\u00e8mes"},"content":{"rendered":"<p>Ce collier en or fera le bonheur de celles qui aiment ajouter une touche d\u2019originalit\u00e9 \u00e0 leurs looks. On aime la finesse de la cha\u00eene et  l\u2019originalit\u00e9 du pendentif repr\u00e9sentant l&#8217;arbre de vie !<\/p>\n","protected":false},"excerpt":{"rendered":"<p>Ce collier en or fera le bonheur de celles qui aiment ajouter une touche d\u2019originalit\u00e9 \u00e0 leurs looks. On aime la finesse de la cha\u00eene et  l\u2019originalit\u00e9 du pendentif repr\u00e9sentant l&#8217;arbre de vie !<\/p>\n","protected":false},"featured_media":1027279,"comment_status":"open","ping_status":"closed","template":"","meta":[],"product_cat":[826,827],"product_tag":[],"class_list":{"0":"post-12225","1":"product","2":"type-product","3":"status-publish","4":"has-post-thumbnail","5":"hentry","6":"product_cat-accessoire","7":"product_cat-charms","8":"pa_matiere-or-375-jaune","9":"pa_modele-femme","10":"pa_pierre-principale-or","swatches":"rey-swatches","show_selected":""},"supplier_id":null,"supplier_sku":"","barcode":null,"atum_controlled":false,"out_stock_date":null,"out_stock_threshold":null,"inheritable":false,"inbound_stock":null,"stock_on_hold":0,"sold_today":0,"sales_last_days":0,"reserved_stock":null,"customer_returns":null,"warehouse_damage":null,"lost_in_post":null,"other_logs":null,"out_stock_days":0,"lost_sales":0,"has_location":null,"update_date":"2021-10-13T06:04:37","atum_locations":[],"atum_stock_status":"instock","restock_status":false,"low_stock_amount":"","sales_update_date":null,"calc_backorders":null,"acf":[],"_links":{"self":[{"href":"https:\/\/amira.jewelry\/es\/wp-json\/wp\/v2\/product\/12225","targetHints":{"allow":["GET"]}}],"collection":[{"href":"https:\/\/amira.jewelry\/es\/wp-json\/wp\/v2\/product"}],"about":[{"href":"https:\/\/amira.jewelry\/es\/wp-json\/wp\/v2\/types\/product"}],"replies":[{"embeddable":true,"href":"https:\/\/amira.jewelry\/es\/wp-json\/wp\/v2\/comments?post=12225"}],"wp:featuredmedia":[{"embeddable":true,"href":"https:\/\/amira.jewelry\/es\/wp-json\/wp\/v2\/media\/1027279"}],"wp:attachment":[{"href":"https:\/\/amira.jewelry\/es\/wp-json\/wp\/v2\/media?parent=12225"}],"wp:term":[{"taxonomy":"product_cat","embeddable":true,"href":"https:\/\/amira.jewelry\/es\/wp-json\/wp\/v2\/product_cat?post=12225"},{"taxonomy":"product_tag","embeddable":true,"href":"https:\/\/amira.jewelry\/es\/wp-json\/wp\/v2\/product_tag?post=12225"}],"curies":[{"name":"wp","href":"https:\/\/api.w.org\/{rel}","templated":true}]}}