



{"id":12229,"date":"2021-04-26T17:56:18","date_gmt":"2021-04-26T10:56:18","guid":{"rendered":"https:\/\/woocommerce-529299-2024980.cloudwaysapps.com\/product\/collier-or-blanc-750-milliemes-et-oxydes\/"},"modified":"2021-10-13T10:04:18","modified_gmt":"2021-10-13T08:04:18","slug":"collier-or-blanc-750-milliemes-et-oxydes","status":"publish","type":"product","link":"https:\/\/amira.jewelry\/es\/product\/collier-or-blanc-750-milliemes-et-oxydes\/","title":{"rendered":"Collier Or 750 milli\u00e8mes et Oxyde de Zirconium"},"content":{"rendered":"<p>Craquez pour ce superbe collier en or blanc 750 milli\u00e8mes .On adore la cha\u00eene en m\u00e9tal pr\u00e9cieux qui apporte d\u00e9licatesse \u00e0 notre cou et l\u2019\u00e9clat de son oxyde qui magnifie notre d\u00e9collet\u00e9 avec \u00e9l\u00e9gance. Un bijou d\u2019une grande f\u00e9minit\u00e9 \u00e0 porter solo pour pr\u00e9se<\/p>\n","protected":false},"excerpt":{"rendered":"<p>Craquez pour ce superbe collier en or blanc 750 milli\u00e8mes .On adore la cha\u00eene en m\u00e9tal pr\u00e9cieux qui apporte d\u00e9licatesse \u00e0 notre cou et l\u2019\u00e9clat de son oxyde qui magnifie notre d\u00e9collet\u00e9 avec \u00e9l\u00e9gance. Un bijou d\u2019une grande f\u00e9minit\u00e9 \u00e0 porter solo pour pr\u00e9se<\/p>\n","protected":false},"featured_media":1028363,"comment_status":"open","ping_status":"closed","template":"","meta":[],"product_cat":[813],"product_tag":[],"class_list":{"0":"post-12229","1":"product","2":"type-product","3":"status-publish","4":"has-post-thumbnail","5":"hentry","6":"product_cat-collier","7":"pa_matiere-or-750-blanc","8":"pa_modele-femme","9":"pa_pierre-principale-oxyde-de-zirconium","swatches":"rey-swatches","show_selected":""},"supplier_id":null,"supplier_sku":"","barcode":null,"atum_controlled":false,"out_stock_date":null,"out_stock_threshold":null,"inheritable":false,"inbound_stock":null,"stock_on_hold":0,"sold_today":0,"sales_last_days":0,"reserved_stock":null,"customer_returns":null,"warehouse_damage":null,"lost_in_post":null,"other_logs":null,"out_stock_days":0,"lost_sales":0,"has_location":false,"update_date":"2021-10-13T06:04:21","atum_locations":[],"atum_stock_status":"instock","restock_status":false,"low_stock_amount":"","sales_update_date":null,"calc_backorders":null,"acf":[],"_links":{"self":[{"href":"https:\/\/amira.jewelry\/es\/wp-json\/wp\/v2\/product\/12229","targetHints":{"allow":["GET"]}}],"collection":[{"href":"https:\/\/amira.jewelry\/es\/wp-json\/wp\/v2\/product"}],"about":[{"href":"https:\/\/amira.jewelry\/es\/wp-json\/wp\/v2\/types\/product"}],"replies":[{"embeddable":true,"href":"https:\/\/amira.jewelry\/es\/wp-json\/wp\/v2\/comments?post=12229"}],"wp:featuredmedia":[{"embeddable":true,"href":"https:\/\/amira.jewelry\/es\/wp-json\/wp\/v2\/media\/1028363"}],"wp:attachment":[{"href":"https:\/\/amira.jewelry\/es\/wp-json\/wp\/v2\/media?parent=12229"}],"wp:term":[{"taxonomy":"product_cat","embeddable":true,"href":"https:\/\/amira.jewelry\/es\/wp-json\/wp\/v2\/product_cat?post=12229"},{"taxonomy":"product_tag","embeddable":true,"href":"https:\/\/amira.jewelry\/es\/wp-json\/wp\/v2\/product_tag?post=12229"}],"curies":[{"name":"wp","href":"https:\/\/api.w.org\/{rel}","templated":true}]}}