



{"id":12231,"date":"2021-04-26T12:56:25","date_gmt":"2021-04-26T10:56:25","guid":{"rendered":"https:\/\/woocommerce-529299-2024980.cloudwaysapps.com\/product\/boucles-doreilles-or-jaune-375-millimes-et-oxydes\/"},"modified":"2021-10-13T10:03:54","modified_gmt":"2021-10-13T08:03:54","slug":"boucles-doreilles-or-jaune-375-millimes-et-oxydes","status":"publish","type":"product","link":"https:\/\/amira.jewelry\/es\/product\/boucles-doreilles-or-jaune-375-millimes-et-oxydes\/","title":{"rendered":"Boucles d\u00bboreilles Or 375 milli\u00e8mes et Oxyde de Zirconium"},"content":{"rendered":"<p>Succ\u00e8s garanti avec ces boucles d&#8217;oreilles en or . Leur design g\u00e9om\u00e9trique et contemporain s\u00e9duira les femmes audacieuses en qu\u00eate d&#8217;originalit\u00e9. \u00c0 acheter sans h\u00e9siter si, \u00e0 l&#8217;instar de bon nombre d&#8217;influenceuses, vous craquez pour la tendance minimalist<\/p>\n","protected":false},"excerpt":{"rendered":"<p>Succ\u00e8s garanti avec ces boucles d&#8217;oreilles en or . Leur design g\u00e9om\u00e9trique et contemporain s\u00e9duira les femmes audacieuses en qu\u00eate d&#8217;originalit\u00e9. \u00c0 acheter sans h\u00e9siter si, \u00e0 l&#8217;instar de bon nombre d&#8217;influenceuses, vous craquez pour la tendance minimalist<\/p>\n","protected":false},"featured_media":1029271,"comment_status":"open","ping_status":"closed","template":"","meta":[],"product_cat":[775],"product_tag":[],"class_list":{"0":"post-12231","1":"product","2":"type-product","3":"status-publish","4":"has-post-thumbnail","5":"hentry","6":"product_cat-boucles-doreilles","7":"pa_matiere-or-375-jaune","8":"pa_modele-femme","9":"pa_pierre-principale-oxyde-de-zirconium","swatches":"rey-swatches","show_selected":""},"supplier_id":null,"supplier_sku":"","barcode":null,"atum_controlled":false,"out_stock_date":null,"out_stock_threshold":null,"inheritable":false,"inbound_stock":null,"stock_on_hold":0,"sold_today":0,"sales_last_days":0,"reserved_stock":null,"customer_returns":null,"warehouse_damage":null,"lost_in_post":null,"other_logs":null,"out_stock_days":0,"lost_sales":0,"has_location":null,"update_date":"2021-10-13T06:03:56","atum_locations":[],"atum_stock_status":"instock","restock_status":false,"low_stock_amount":"","sales_update_date":null,"calc_backorders":null,"acf":[],"_links":{"self":[{"href":"https:\/\/amira.jewelry\/es\/wp-json\/wp\/v2\/product\/12231","targetHints":{"allow":["GET"]}}],"collection":[{"href":"https:\/\/amira.jewelry\/es\/wp-json\/wp\/v2\/product"}],"about":[{"href":"https:\/\/amira.jewelry\/es\/wp-json\/wp\/v2\/types\/product"}],"replies":[{"embeddable":true,"href":"https:\/\/amira.jewelry\/es\/wp-json\/wp\/v2\/comments?post=12231"}],"wp:featuredmedia":[{"embeddable":true,"href":"https:\/\/amira.jewelry\/es\/wp-json\/wp\/v2\/media\/1029271"}],"wp:attachment":[{"href":"https:\/\/amira.jewelry\/es\/wp-json\/wp\/v2\/media?parent=12231"}],"wp:term":[{"taxonomy":"product_cat","embeddable":true,"href":"https:\/\/amira.jewelry\/es\/wp-json\/wp\/v2\/product_cat?post=12231"},{"taxonomy":"product_tag","embeddable":true,"href":"https:\/\/amira.jewelry\/es\/wp-json\/wp\/v2\/product_tag?post=12231"}],"curies":[{"name":"wp","href":"https:\/\/api.w.org\/{rel}","templated":true}]}}