



{"id":12295,"date":"2021-04-26T13:00:40","date_gmt":"2021-04-26T11:00:40","guid":{"rendered":"https:\/\/woocommerce-529299-2024980.cloudwaysapps.com\/product\/boucles-doreilles-or-jaunes-375-milliemes-et-oxydes\/"},"modified":"2021-10-13T10:03:55","modified_gmt":"2021-10-13T08:03:55","slug":"boucles-doreilles-or-jaunes-375-milliemes-et-oxydes","status":"publish","type":"product","link":"https:\/\/amira.jewelry\/es\/product\/boucles-doreilles-or-jaunes-375-milliemes-et-oxydes\/","title":{"rendered":"Boucles d\u00bboreilles Or 375 milli\u00e8mes et Oxyde de Zirconium"},"content":{"rendered":"<p>Apportez une touche de lumi\u00e8re et de f\u00e9minit\u00e9 \u00e0 tous vos looks et optez sans tarder pour ces boucles d&#8217;oreilles en or  lumineuses et f\u00e9minines. Des pendants d&#8217;oreilles qui r\u00e9v\u00e8lent un oxyde rouge aux reflets envo\u00fbtants entour\u00e9s d&#8217;oxydes blancs. Id\u00e9ales po<\/p>\n","protected":false},"excerpt":{"rendered":"<p>Apportez une touche de lumi\u00e8re et de f\u00e9minit\u00e9 \u00e0 tous vos looks et optez sans tarder pour ces boucles d&#8217;oreilles en or  lumineuses et f\u00e9minines. Des pendants d&#8217;oreilles qui r\u00e9v\u00e8lent un oxyde rouge aux reflets envo\u00fbtants entour\u00e9s d&#8217;oxydes blancs. Id\u00e9ales po<\/p>\n","protected":false},"featured_media":1029283,"comment_status":"open","ping_status":"closed","template":"","meta":[],"product_cat":[775,821],"product_tag":[],"class_list":{"0":"post-12295","1":"product","2":"type-product","3":"status-publish","4":"has-post-thumbnail","5":"hentry","6":"product_cat-boucles-doreilles","7":"product_cat-pendantes","8":"pa_matiere-or-375-jaune","9":"pa_modele-femme","10":"pa_pierre-principale-oxyde-de-zirconium","swatches":"rey-swatches","show_selected":""},"supplier_id":null,"supplier_sku":"","barcode":null,"atum_controlled":false,"out_stock_date":null,"out_stock_threshold":null,"inheritable":false,"inbound_stock":null,"stock_on_hold":0,"sold_today":0,"sales_last_days":0,"reserved_stock":null,"customer_returns":null,"warehouse_damage":null,"lost_in_post":null,"other_logs":null,"out_stock_days":0,"lost_sales":0,"has_location":null,"update_date":"2021-10-13T06:03:56","atum_locations":[],"atum_stock_status":"instock","restock_status":false,"low_stock_amount":"","sales_update_date":null,"calc_backorders":null,"acf":[],"_links":{"self":[{"href":"https:\/\/amira.jewelry\/es\/wp-json\/wp\/v2\/product\/12295","targetHints":{"allow":["GET"]}}],"collection":[{"href":"https:\/\/amira.jewelry\/es\/wp-json\/wp\/v2\/product"}],"about":[{"href":"https:\/\/amira.jewelry\/es\/wp-json\/wp\/v2\/types\/product"}],"replies":[{"embeddable":true,"href":"https:\/\/amira.jewelry\/es\/wp-json\/wp\/v2\/comments?post=12295"}],"wp:featuredmedia":[{"embeddable":true,"href":"https:\/\/amira.jewelry\/es\/wp-json\/wp\/v2\/media\/1029283"}],"wp:attachment":[{"href":"https:\/\/amira.jewelry\/es\/wp-json\/wp\/v2\/media?parent=12295"}],"wp:term":[{"taxonomy":"product_cat","embeddable":true,"href":"https:\/\/amira.jewelry\/es\/wp-json\/wp\/v2\/product_cat?post=12295"},{"taxonomy":"product_tag","embeddable":true,"href":"https:\/\/amira.jewelry\/es\/wp-json\/wp\/v2\/product_tag?post=12295"}],"curies":[{"name":"wp","href":"https:\/\/api.w.org\/{rel}","templated":true}]}}