



{"id":12419,"date":"2021-04-26T13:22:16","date_gmt":"2021-04-26T11:22:16","guid":{"rendered":"https:\/\/woocommerce-529299-2024980.cloudwaysapps.com\/product\/bague-or-jaune-375-milliemes-et-oxydes-15\/"},"modified":"2021-10-13T10:04:44","modified_gmt":"2021-10-13T08:04:44","slug":"bague-or-jaune-375-milliemes-et-oxydes-15","status":"publish","type":"product","link":"https:\/\/amira.jewelry\/es\/product\/bague-or-jaune-375-milliemes-et-oxydes-15\/","title":{"rendered":"Bague Or 375 milli\u00e8mes et Oxyde de Zirconium"},"content":{"rendered":"<p>En or, serti d&#8217;oxydes \u00e9clatants cette bague  s&#8217;affirme comme une bague coup de coeur \u00e0 poss\u00e9der absolument. A acheter sans h\u00e9siter ! <\/p>\n","protected":false},"excerpt":{"rendered":"<p>En or, serti d&#8217;oxydes \u00e9clatants cette bague  s&#8217;affirme comme une bague coup de coeur \u00e0 poss\u00e9der absolument. A acheter sans h\u00e9siter ! <\/p>\n","protected":false},"featured_media":1026161,"comment_status":"open","ping_status":"closed","template":"","meta":[],"product_cat":[811],"product_tag":[],"class_list":{"0":"post-12419","1":"product","2":"type-product","3":"status-publish","4":"has-post-thumbnail","5":"hentry","6":"product_cat-bague","7":"pa_matiere-or-375-jaune","8":"pa_modele-femme","9":"pa_pierre-principale-oxyde","10":"pa_size-42-mm","11":"pa_size-48-mm","12":"pa_size-49-mm","13":"pa_size-50-mm","14":"pa_size-52-mm-2","15":"pa_size-54-mm-2","16":"pa_size-56-mm-2","17":"pa_size-58-mm","18":"pa_size-60-mm","19":"pa_size-62-mm","swatches":"rey-swatches","show_selected":""},"supplier_id":null,"supplier_sku":"","barcode":null,"atum_controlled":false,"out_stock_date":null,"out_stock_threshold":null,"inheritable":false,"inbound_stock":null,"stock_on_hold":0,"sold_today":0,"sales_last_days":0,"reserved_stock":null,"customer_returns":null,"warehouse_damage":null,"lost_in_post":null,"other_logs":null,"out_stock_days":0,"lost_sales":0,"has_location":null,"update_date":"2021-10-13T06:04:46","atum_locations":[],"atum_stock_status":"instock","restock_status":false,"low_stock_amount":"","sales_update_date":null,"calc_backorders":null,"acf":[],"_links":{"self":[{"href":"https:\/\/amira.jewelry\/es\/wp-json\/wp\/v2\/product\/12419","targetHints":{"allow":["GET"]}}],"collection":[{"href":"https:\/\/amira.jewelry\/es\/wp-json\/wp\/v2\/product"}],"about":[{"href":"https:\/\/amira.jewelry\/es\/wp-json\/wp\/v2\/types\/product"}],"replies":[{"embeddable":true,"href":"https:\/\/amira.jewelry\/es\/wp-json\/wp\/v2\/comments?post=12419"}],"wp:featuredmedia":[{"embeddable":true,"href":"https:\/\/amira.jewelry\/es\/wp-json\/wp\/v2\/media\/1026161"}],"wp:attachment":[{"href":"https:\/\/amira.jewelry\/es\/wp-json\/wp\/v2\/media?parent=12419"}],"wp:term":[{"taxonomy":"product_cat","embeddable":true,"href":"https:\/\/amira.jewelry\/es\/wp-json\/wp\/v2\/product_cat?post=12419"},{"taxonomy":"product_tag","embeddable":true,"href":"https:\/\/amira.jewelry\/es\/wp-json\/wp\/v2\/product_tag?post=12419"}],"curies":[{"name":"wp","href":"https:\/\/api.w.org\/{rel}","templated":true}]}}