



{"id":12466,"date":"2021-04-26T13:24:07","date_gmt":"2021-04-26T11:24:07","guid":{"rendered":"https:\/\/woocommerce-529299-2024980.cloudwaysapps.com\/product\/bague-or-blanc-750-milliemes-et-diamants\/"},"modified":"2021-10-13T10:04:47","modified_gmt":"2021-10-13T08:04:47","slug":"bague-or-blanc-750-milliemes-et-diamants","status":"publish","type":"product","link":"https:\/\/amira.jewelry\/es\/product\/bague-or-blanc-750-milliemes-et-diamants\/","title":{"rendered":"Bague Or 750 milli\u00e8mes et Oxyde de Zirconium"},"content":{"rendered":"<p>Misez sur l&#8217;\u00e9l\u00e9gance et la modernit\u00e9 de cette bague en or blanc 750 milli\u00e8mes . Une cr\u00e9ation unique pour un r\u00e9sultat lumineux et \u00e9clatant de beaut\u00e9. Gliss\u00e9e \u00e0 votre doigt, cette bague au design raffin\u00e9 et intemporel sera du plus bel effet et ne manquera p<\/p>\n","protected":false},"excerpt":{"rendered":"<p>Misez sur l&#8217;\u00e9l\u00e9gance et la modernit\u00e9 de cette bague en or blanc 750 milli\u00e8mes . Une cr\u00e9ation unique pour un r\u00e9sultat lumineux et \u00e9clatant de beaut\u00e9. Gliss\u00e9e \u00e0 votre doigt, cette bague au design raffin\u00e9 et intemporel sera du plus bel effet et ne manquera p<\/p>\n","protected":false},"featured_media":1026203,"comment_status":"open","ping_status":"closed","template":"","meta":[],"product_cat":[811,815],"product_tag":[],"class_list":{"0":"post-12466","1":"product","2":"type-product","3":"status-publish","4":"has-post-thumbnail","5":"hentry","6":"product_cat-bague","7":"product_cat-solitaire","8":"pa_matiere-or-750-blanc","9":"pa_modele-femme","10":"pa_pierre-principale-oxyde-de-zirconium","11":"pa_size-42-mm","12":"pa_size-48-mm","13":"pa_size-49-mm","14":"pa_size-50-mm","15":"pa_size-51-mm","16":"pa_size-52-mm-2","17":"pa_size-53-mm-2","18":"pa_size-54-mm-2","19":"pa_size-55-mm","20":"pa_size-56-mm-2","21":"pa_size-57-mm","22":"pa_size-58-mm","23":"pa_size-60-mm","24":"pa_size-62-mm","swatches":"rey-swatches","show_selected":""},"supplier_id":null,"supplier_sku":"","barcode":null,"atum_controlled":false,"out_stock_date":null,"out_stock_threshold":null,"inheritable":false,"inbound_stock":null,"stock_on_hold":0,"sold_today":0,"sales_last_days":0,"reserved_stock":null,"customer_returns":null,"warehouse_damage":null,"lost_in_post":null,"other_logs":null,"out_stock_days":0,"lost_sales":0,"has_location":null,"update_date":"2021-10-13T06:04:50","atum_locations":[],"atum_stock_status":"instock","restock_status":false,"low_stock_amount":"","sales_update_date":null,"calc_backorders":null,"acf":[],"_links":{"self":[{"href":"https:\/\/amira.jewelry\/es\/wp-json\/wp\/v2\/product\/12466","targetHints":{"allow":["GET"]}}],"collection":[{"href":"https:\/\/amira.jewelry\/es\/wp-json\/wp\/v2\/product"}],"about":[{"href":"https:\/\/amira.jewelry\/es\/wp-json\/wp\/v2\/types\/product"}],"replies":[{"embeddable":true,"href":"https:\/\/amira.jewelry\/es\/wp-json\/wp\/v2\/comments?post=12466"}],"wp:featuredmedia":[{"embeddable":true,"href":"https:\/\/amira.jewelry\/es\/wp-json\/wp\/v2\/media\/1026203"}],"wp:attachment":[{"href":"https:\/\/amira.jewelry\/es\/wp-json\/wp\/v2\/media?parent=12466"}],"wp:term":[{"taxonomy":"product_cat","embeddable":true,"href":"https:\/\/amira.jewelry\/es\/wp-json\/wp\/v2\/product_cat?post=12466"},{"taxonomy":"product_tag","embeddable":true,"href":"https:\/\/amira.jewelry\/es\/wp-json\/wp\/v2\/product_tag?post=12466"}],"curies":[{"name":"wp","href":"https:\/\/api.w.org\/{rel}","templated":true}]}}