



{"id":12605,"date":"2021-04-26T18:36:00","date_gmt":"2021-04-26T11:36:00","guid":{"rendered":"https:\/\/woocommerce-529299-2024980.cloudwaysapps.com\/product\/bague-or-jaune-375-milliemes-et-diamants-2\/"},"modified":"2021-10-13T10:04:48","modified_gmt":"2021-10-13T08:04:48","slug":"bague-or-jaune-375-milliemes-et-diamants-2","status":"publish","type":"product","link":"https:\/\/amira.jewelry\/es\/product\/bague-or-jaune-375-milliemes-et-diamants-2\/","title":{"rendered":"Bague Or 375 milli\u00e8mes Emeraude et Diamant"},"content":{"rendered":"<p>Royale et envo\u00fbtante. Le charme de cette bague en or r\u00e9side dans ses lignes pures et d\u00e9licates. Sertie d\u2019un saphir aux reflets enivrants, elle est du plus bel effet et s\u2019harmonise sans peine \u00e0 toutes sortes de tendances vestimentaires.<\/p>\n","protected":false},"excerpt":{"rendered":"<p>Royale et envo\u00fbtante. Le charme de cette bague en or r\u00e9side dans ses lignes pures et d\u00e9licates. Sertie d\u2019un saphir aux reflets enivrants, elle est du plus bel effet et s\u2019harmonise sans peine \u00e0 toutes sortes de tendances vestimentaires.<\/p>\n","protected":false},"featured_media":1026293,"comment_status":"open","ping_status":"closed","template":"","meta":[],"product_cat":[811],"product_tag":[],"class_list":{"0":"post-12605","1":"product","2":"type-product","3":"status-publish","4":"has-post-thumbnail","5":"hentry","6":"product_cat-bague","7":"pa_matiere-or-375-jaune","8":"pa_modele-femme","9":"pa_pierre-principale-diamant-saphir","10":"pa_size-47-mm","11":"pa_size-49-mm","12":"pa_size-50-mm","13":"pa_size-52-mm-2","14":"pa_size-54-mm-2","15":"pa_size-56-mm-2","16":"pa_size-58-mm","17":"pa_size-59-mm","18":"pa_size-60-mm","19":"pa_size-62-mm","20":"pa_size-63-mm","swatches":"rey-swatches","show_selected":""},"supplier_id":null,"supplier_sku":"","barcode":null,"atum_controlled":false,"out_stock_date":null,"out_stock_threshold":null,"inheritable":false,"inbound_stock":null,"stock_on_hold":0,"sold_today":0,"sales_last_days":0,"reserved_stock":null,"customer_returns":null,"warehouse_damage":null,"lost_in_post":null,"other_logs":null,"out_stock_days":0,"lost_sales":0,"has_location":null,"update_date":"2021-10-13T06:04:50","atum_locations":[],"atum_stock_status":"instock","restock_status":false,"low_stock_amount":"","sales_update_date":null,"calc_backorders":null,"acf":[],"_links":{"self":[{"href":"https:\/\/amira.jewelry\/es\/wp-json\/wp\/v2\/product\/12605","targetHints":{"allow":["GET"]}}],"collection":[{"href":"https:\/\/amira.jewelry\/es\/wp-json\/wp\/v2\/product"}],"about":[{"href":"https:\/\/amira.jewelry\/es\/wp-json\/wp\/v2\/types\/product"}],"replies":[{"embeddable":true,"href":"https:\/\/amira.jewelry\/es\/wp-json\/wp\/v2\/comments?post=12605"}],"wp:featuredmedia":[{"embeddable":true,"href":"https:\/\/amira.jewelry\/es\/wp-json\/wp\/v2\/media\/1026293"}],"wp:attachment":[{"href":"https:\/\/amira.jewelry\/es\/wp-json\/wp\/v2\/media?parent=12605"}],"wp:term":[{"taxonomy":"product_cat","embeddable":true,"href":"https:\/\/amira.jewelry\/es\/wp-json\/wp\/v2\/product_cat?post=12605"},{"taxonomy":"product_tag","embeddable":true,"href":"https:\/\/amira.jewelry\/es\/wp-json\/wp\/v2\/product_tag?post=12605"}],"curies":[{"name":"wp","href":"https:\/\/api.w.org\/{rel}","templated":true}]}}