



{"id":12739,"date":"2021-04-26T13:41:38","date_gmt":"2021-04-26T11:41:38","guid":{"rendered":"https:\/\/woocommerce-529299-2024980.cloudwaysapps.com\/product\/bague-or-blanc-375-milliemes-et-oxydes-9\/"},"modified":"2021-10-13T10:04:52","modified_gmt":"2021-10-13T08:04:52","slug":"bague-or-blanc-375-milliemes-et-oxydes-9","status":"publish","type":"product","link":"https:\/\/amira.jewelry\/es\/product\/bague-or-blanc-375-milliemes-et-oxydes-9\/","title":{"rendered":"Bague Or 375 milli\u00e8mes et Oxyde de Zirconium"},"content":{"rendered":"<p>Design r\u00e9solument tendance pour cette bague en or blanc 3 Id\u00e9ale \u00e0 s&#8217;offrir ou \u00e0 se faire offrir, cette bague r\u00e9solument f\u00e9minine s&#8217;affirme comme une bague coup de coeur, \u00e0 porter en toutes occasions.<\/p>\n","protected":false},"excerpt":{"rendered":"<p>Design r\u00e9solument tendance pour cette bague en or blanc 3 Id\u00e9ale \u00e0 s&#8217;offrir ou \u00e0 se faire offrir, cette bague r\u00e9solument f\u00e9minine s&#8217;affirme comme une bague coup de coeur, \u00e0 porter en toutes occasions.<\/p>\n","protected":false},"featured_media":1026443,"comment_status":"open","ping_status":"closed","template":"","meta":[],"product_cat":[811],"product_tag":[],"class_list":{"0":"post-12739","1":"product","2":"type-product","3":"status-publish","4":"has-post-thumbnail","5":"hentry","6":"product_cat-bague","7":"pa_matiere-or-375-blanc","8":"pa_modele-femme","9":"pa_pierre-principale-cristal","10":"pa_size-50-mm","11":"pa_size-52-mm-2","12":"pa_size-54-mm-2","13":"pa_size-56-mm-2","14":"pa_size-58-mm","15":"pa_size-60-mm","swatches":"rey-swatches","show_selected":""},"supplier_id":null,"supplier_sku":"","barcode":null,"atum_controlled":false,"out_stock_date":null,"out_stock_threshold":null,"inheritable":false,"inbound_stock":null,"stock_on_hold":0,"sold_today":0,"sales_last_days":0,"reserved_stock":null,"customer_returns":null,"warehouse_damage":null,"lost_in_post":null,"other_logs":null,"out_stock_days":0,"lost_sales":0,"has_location":null,"update_date":"2021-10-13T06:04:56","atum_locations":[],"atum_stock_status":"instock","restock_status":false,"low_stock_amount":"","sales_update_date":null,"calc_backorders":null,"acf":[],"_links":{"self":[{"href":"https:\/\/amira.jewelry\/es\/wp-json\/wp\/v2\/product\/12739","targetHints":{"allow":["GET"]}}],"collection":[{"href":"https:\/\/amira.jewelry\/es\/wp-json\/wp\/v2\/product"}],"about":[{"href":"https:\/\/amira.jewelry\/es\/wp-json\/wp\/v2\/types\/product"}],"replies":[{"embeddable":true,"href":"https:\/\/amira.jewelry\/es\/wp-json\/wp\/v2\/comments?post=12739"}],"wp:featuredmedia":[{"embeddable":true,"href":"https:\/\/amira.jewelry\/es\/wp-json\/wp\/v2\/media\/1026443"}],"wp:attachment":[{"href":"https:\/\/amira.jewelry\/es\/wp-json\/wp\/v2\/media?parent=12739"}],"wp:term":[{"taxonomy":"product_cat","embeddable":true,"href":"https:\/\/amira.jewelry\/es\/wp-json\/wp\/v2\/product_cat?post=12739"},{"taxonomy":"product_tag","embeddable":true,"href":"https:\/\/amira.jewelry\/es\/wp-json\/wp\/v2\/product_tag?post=12739"}],"curies":[{"name":"wp","href":"https:\/\/api.w.org\/{rel}","templated":true}]}}