



{"id":12882,"date":"2021-04-26T14:12:58","date_gmt":"2021-04-26T12:12:58","guid":{"rendered":"https:\/\/woocommerce-529299-2024980.cloudwaysapps.com\/product\/bague-homme-argent-3\/"},"modified":"2021-10-13T10:05:14","modified_gmt":"2021-10-13T08:05:14","slug":"bague-homme-argent-3","status":"publish","type":"product","link":"https:\/\/amira.jewelry\/es\/product\/bague-homme-argent-3\/","title":{"rendered":"Bague Argent"},"content":{"rendered":"<p>Envie d\u2019un bijou chic et \u00e9l\u00e9gant, monsieur ? Choisissez cette bague chevali\u00e8reen argent de style classique. Sobre dans son dessin et raffin\u00e9e gr\u00e2ce \u00e0 son plateau stri\u00e9 et son oxyde , elle sera l&#8217;accessoire id\u00e9al de votre look !<\/p>\n","protected":false},"excerpt":{"rendered":"<p>Envie d\u2019un bijou chic et \u00e9l\u00e9gant, monsieur ? Choisissez cette bague chevali\u00e8reen argent de style classique. Sobre dans son dessin et raffin\u00e9e gr\u00e2ce \u00e0 son plateau stri\u00e9 et son oxyde , elle sera l&#8217;accessoire id\u00e9al de votre look !<\/p>\n","protected":false},"featured_media":1027139,"comment_status":"open","ping_status":"closed","template":"","meta":[],"product_cat":[811,830],"product_tag":[],"class_list":{"0":"post-12882","1":"product","2":"type-product","3":"status-publish","4":"has-post-thumbnail","5":"hentry","6":"product_cat-bague","7":"product_cat-chevaliere","8":"pa_matiere-argent-925","9":"pa_modele-homme","10":"pa_pierre-principale-argent","11":"pa_size-54-mm-2","12":"pa_size-56-mm-2","13":"pa_size-58-mm","14":"pa_size-60-mm","15":"pa_size-62-mm","16":"pa_size-64-mm","17":"pa_size-66-mm","18":"pa_size-68-mm","19":"pa_size-70-mm","swatches":"rey-swatches","show_selected":""},"supplier_id":null,"supplier_sku":"","barcode":null,"atum_controlled":false,"out_stock_date":null,"out_stock_threshold":null,"inheritable":false,"inbound_stock":null,"stock_on_hold":0,"sold_today":0,"sales_last_days":0,"reserved_stock":null,"customer_returns":null,"warehouse_damage":null,"lost_in_post":null,"other_logs":null,"out_stock_days":0,"lost_sales":0,"has_location":null,"update_date":"2021-10-13T06:05:16","atum_locations":[],"atum_stock_status":"instock","restock_status":false,"low_stock_amount":"","sales_update_date":null,"calc_backorders":null,"acf":[],"_links":{"self":[{"href":"https:\/\/amira.jewelry\/es\/wp-json\/wp\/v2\/product\/12882","targetHints":{"allow":["GET"]}}],"collection":[{"href":"https:\/\/amira.jewelry\/es\/wp-json\/wp\/v2\/product"}],"about":[{"href":"https:\/\/amira.jewelry\/es\/wp-json\/wp\/v2\/types\/product"}],"replies":[{"embeddable":true,"href":"https:\/\/amira.jewelry\/es\/wp-json\/wp\/v2\/comments?post=12882"}],"wp:featuredmedia":[{"embeddable":true,"href":"https:\/\/amira.jewelry\/es\/wp-json\/wp\/v2\/media\/1027139"}],"wp:attachment":[{"href":"https:\/\/amira.jewelry\/es\/wp-json\/wp\/v2\/media?parent=12882"}],"wp:term":[{"taxonomy":"product_cat","embeddable":true,"href":"https:\/\/amira.jewelry\/es\/wp-json\/wp\/v2\/product_cat?post=12882"},{"taxonomy":"product_tag","embeddable":true,"href":"https:\/\/amira.jewelry\/es\/wp-json\/wp\/v2\/product_tag?post=12882"}],"curies":[{"name":"wp","href":"https:\/\/api.w.org\/{rel}","templated":true}]}}