



{"id":48443,"date":"2021-06-07T09:24:04","date_gmt":"2021-06-07T07:24:04","guid":{"rendered":"https:\/\/woocommerce-529299-2024980.cloudwaysapps.com\/product\/produit-8\/"},"modified":"2021-10-13T10:04:02","modified_gmt":"2021-10-13T08:04:02","slug":"produit-8","status":"publish","type":"product","link":"https:\/\/amira.jewelry\/es\/product\/produit-8\/","title":{"rendered":"Boucles d&#8217;oreilles Argent et Oxyde de Zirconium"},"content":{"rendered":"<p>Osez vous d\u00e9marquer en optant pour la tendance des cr\u00e9oles et en les choisissant graphiques et glamour \u00e0 la fois. Design original et oxydes \u00e9clatants font de ces boucles d&#8217;oreilles de v\u00e9ritables indispensables de votre bo\u00eete \u00e0 bijoux.<\/p>\n","protected":false},"excerpt":{"rendered":"<p>Osez vous d\u00e9marquer en optant pour la tendance des cr\u00e9oles et en les choisissant graphiques et glamour \u00e0 la fois. Design original et oxydes \u00e9clatants font de ces boucles d&#8217;oreilles de v\u00e9ritables indispensables de votre bo\u00eete \u00e0 bijoux.<\/p>\n","protected":false},"featured_media":1029595,"comment_status":"open","ping_status":"closed","template":"","meta":[],"product_cat":[775],"product_tag":[],"class_list":{"0":"post-48443","1":"product","2":"type-product","3":"status-publish","4":"has-post-thumbnail","5":"hentry","6":"product_cat-boucles-doreilles","7":"pa_matiere-argent-925","8":"pa_pierre-principale-oxyde-de-zirconium","swatches":"rey-swatches","show_selected":""},"supplier_id":null,"supplier_sku":"","barcode":null,"atum_controlled":false,"out_stock_date":null,"out_stock_threshold":null,"inheritable":false,"inbound_stock":null,"stock_on_hold":null,"sold_today":null,"sales_last_days":null,"reserved_stock":null,"customer_returns":null,"warehouse_damage":null,"lost_in_post":null,"other_logs":null,"out_stock_days":null,"lost_sales":null,"has_location":null,"update_date":"2021-10-13T06:04:05","atum_locations":[],"atum_stock_status":"instock","restock_status":false,"low_stock_amount":"","sales_update_date":null,"calc_backorders":null,"acf":[],"_links":{"self":[{"href":"https:\/\/amira.jewelry\/es\/wp-json\/wp\/v2\/product\/48443","targetHints":{"allow":["GET"]}}],"collection":[{"href":"https:\/\/amira.jewelry\/es\/wp-json\/wp\/v2\/product"}],"about":[{"href":"https:\/\/amira.jewelry\/es\/wp-json\/wp\/v2\/types\/product"}],"replies":[{"embeddable":true,"href":"https:\/\/amira.jewelry\/es\/wp-json\/wp\/v2\/comments?post=48443"}],"wp:featuredmedia":[{"embeddable":true,"href":"https:\/\/amira.jewelry\/es\/wp-json\/wp\/v2\/media\/1029595"}],"wp:attachment":[{"href":"https:\/\/amira.jewelry\/es\/wp-json\/wp\/v2\/media?parent=48443"}],"wp:term":[{"taxonomy":"product_cat","embeddable":true,"href":"https:\/\/amira.jewelry\/es\/wp-json\/wp\/v2\/product_cat?post=48443"},{"taxonomy":"product_tag","embeddable":true,"href":"https:\/\/amira.jewelry\/es\/wp-json\/wp\/v2\/product_tag?post=48443"}],"curies":[{"name":"wp","href":"https:\/\/api.w.org\/{rel}","templated":true}]}}