



{"id":48762,"date":"2021-06-07T09:29:29","date_gmt":"2021-06-07T07:29:29","guid":{"rendered":"https:\/\/woocommerce-529299-2024980.cloudwaysapps.com\/product\/produit-24\/"},"modified":"2021-10-13T10:04:14","modified_gmt":"2021-10-13T08:04:14","slug":"produit-24","status":"publish","type":"product","link":"https:\/\/amira.jewelry\/es\/product\/produit-24\/","title":{"rendered":"Cha\u00eene Argent"},"content":{"rendered":"<p>Apportez une nouvelle touche d&#8217;\u00e9l\u00e9gance \u00e0 vos looks et optez pour cette cha\u00eene en argent. Mention sp\u00e9ciale pour sa maille gourmette  tr\u00e8s tendance .<\/p>\n","protected":false},"excerpt":{"rendered":"<p>Apportez une nouvelle touche d&#8217;\u00e9l\u00e9gance \u00e0 vos looks et optez pour cette cha\u00eene en argent. Mention sp\u00e9ciale pour sa maille gourmette  tr\u00e8s tendance .<\/p>\n","protected":false},"featured_media":1028147,"comment_status":"open","ping_status":"closed","template":"","meta":[],"product_cat":[813],"product_tag":[],"class_list":{"0":"post-48762","1":"product","2":"type-product","3":"status-publish","4":"has-post-thumbnail","5":"hentry","6":"product_cat-collier","7":"pa_matiere-argent-925","8":"pa_pierre-principale-argent","swatches":"rey-swatches","show_selected":""},"supplier_id":null,"supplier_sku":"","barcode":null,"atum_controlled":false,"out_stock_date":null,"out_stock_threshold":null,"inheritable":false,"inbound_stock":null,"stock_on_hold":null,"sold_today":null,"sales_last_days":null,"reserved_stock":null,"customer_returns":null,"warehouse_damage":null,"lost_in_post":null,"other_logs":null,"out_stock_days":null,"lost_sales":null,"has_location":null,"update_date":"2021-10-13T06:04:16","atum_locations":[],"atum_stock_status":"instock","restock_status":false,"low_stock_amount":"","sales_update_date":null,"calc_backorders":null,"acf":[],"_links":{"self":[{"href":"https:\/\/amira.jewelry\/es\/wp-json\/wp\/v2\/product\/48762","targetHints":{"allow":["GET"]}}],"collection":[{"href":"https:\/\/amira.jewelry\/es\/wp-json\/wp\/v2\/product"}],"about":[{"href":"https:\/\/amira.jewelry\/es\/wp-json\/wp\/v2\/types\/product"}],"replies":[{"embeddable":true,"href":"https:\/\/amira.jewelry\/es\/wp-json\/wp\/v2\/comments?post=48762"}],"wp:featuredmedia":[{"embeddable":true,"href":"https:\/\/amira.jewelry\/es\/wp-json\/wp\/v2\/media\/1028147"}],"wp:attachment":[{"href":"https:\/\/amira.jewelry\/es\/wp-json\/wp\/v2\/media?parent=48762"}],"wp:term":[{"taxonomy":"product_cat","embeddable":true,"href":"https:\/\/amira.jewelry\/es\/wp-json\/wp\/v2\/product_cat?post=48762"},{"taxonomy":"product_tag","embeddable":true,"href":"https:\/\/amira.jewelry\/es\/wp-json\/wp\/v2\/product_tag?post=48762"}],"curies":[{"name":"wp","href":"https:\/\/api.w.org\/{rel}","templated":true}]}}