



{"id":48909,"date":"2021-06-07T09:33:45","date_gmt":"2021-06-07T07:33:45","guid":{"rendered":"https:\/\/woocommerce-529299-2024980.cloudwaysapps.com\/product\/produit-39\/"},"modified":"2021-10-13T10:04:22","modified_gmt":"2021-10-13T08:04:22","slug":"produit-39","status":"publish","type":"product","link":"https:\/\/amira.jewelry\/es\/product\/produit-39\/","title":{"rendered":"Collier Argent et Cristal de Swarowski"},"content":{"rendered":"<p>Avec ses mille reflets, ce cristal de Swarovski bleu suspendu \u00e0 un d\u00e9licat fil nylon , habillera et sublimera votre d\u00e9collet\u00e9. Une pi\u00e8ce audacieuse et lumineuse, \u00e0 acheter sans h\u00e9siter !<\/p>\n","protected":false},"excerpt":{"rendered":"<p>Avec ses mille reflets, ce cristal de Swarovski bleu suspendu \u00e0 un d\u00e9licat fil nylon , habillera et sublimera votre d\u00e9collet\u00e9. Une pi\u00e8ce audacieuse et lumineuse, \u00e0 acheter sans h\u00e9siter !<\/p>\n","protected":false},"featured_media":1028507,"comment_status":"open","ping_status":"closed","template":"","meta":[],"product_cat":[813],"product_tag":[],"class_list":{"0":"post-48909","1":"product","2":"type-product","3":"status-publish","4":"has-post-thumbnail","5":"hentry","6":"product_cat-collier","7":"pa_matiere-argent-925","8":"pa_pierre-principale-cristal-de-swarovski","swatches":"rey-swatches","show_selected":""},"supplier_id":null,"supplier_sku":"","barcode":null,"atum_controlled":false,"out_stock_date":null,"out_stock_threshold":null,"inheritable":false,"inbound_stock":null,"stock_on_hold":null,"sold_today":null,"sales_last_days":null,"reserved_stock":null,"customer_returns":null,"warehouse_damage":null,"lost_in_post":null,"other_logs":null,"out_stock_days":null,"lost_sales":null,"has_location":null,"update_date":"2021-10-13T06:04:24","atum_locations":[],"atum_stock_status":"instock","restock_status":false,"low_stock_amount":"","sales_update_date":null,"calc_backorders":null,"acf":[],"_links":{"self":[{"href":"https:\/\/amira.jewelry\/es\/wp-json\/wp\/v2\/product\/48909","targetHints":{"allow":["GET"]}}],"collection":[{"href":"https:\/\/amira.jewelry\/es\/wp-json\/wp\/v2\/product"}],"about":[{"href":"https:\/\/amira.jewelry\/es\/wp-json\/wp\/v2\/types\/product"}],"replies":[{"embeddable":true,"href":"https:\/\/amira.jewelry\/es\/wp-json\/wp\/v2\/comments?post=48909"}],"wp:featuredmedia":[{"embeddable":true,"href":"https:\/\/amira.jewelry\/es\/wp-json\/wp\/v2\/media\/1028507"}],"wp:attachment":[{"href":"https:\/\/amira.jewelry\/es\/wp-json\/wp\/v2\/media?parent=48909"}],"wp:term":[{"taxonomy":"product_cat","embeddable":true,"href":"https:\/\/amira.jewelry\/es\/wp-json\/wp\/v2\/product_cat?post=48909"},{"taxonomy":"product_tag","embeddable":true,"href":"https:\/\/amira.jewelry\/es\/wp-json\/wp\/v2\/product_tag?post=48909"}],"curies":[{"name":"wp","href":"https:\/\/api.w.org\/{rel}","templated":true}]}}