



{"id":49021,"date":"2021-06-07T09:36:54","date_gmt":"2021-06-07T07:36:54","guid":{"rendered":"https:\/\/woocommerce-529299-2024980.cloudwaysapps.com\/product\/produit-51\/"},"modified":"2021-10-13T10:03:49","modified_gmt":"2021-10-13T08:03:49","slug":"produit-51","status":"publish","type":"product","link":"https:\/\/amira.jewelry\/es\/product\/produit-51\/","title":{"rendered":"Boucles d&#8217;oreilles Or 375 milli\u00e8mes et Topaze"},"content":{"rendered":"<p>Optez sans h\u00e9siter pour ces boucles d&#8217;oreilles pendantes en or jaune et topaze. D\u00e9licates et pr\u00e9cieuses, ces boucles d&#8217;oreilles sont en passe de devenir un incontournable de votre bo\u00eete \u00e0 bijoux. A acheter sans h\u00e9siter !<\/p>\n","protected":false},"excerpt":{"rendered":"<p>Optez sans h\u00e9siter pour ces boucles d&#8217;oreilles pendantes en or jaune et topaze. D\u00e9licates et pr\u00e9cieuses, ces boucles d&#8217;oreilles sont en passe de devenir un incontournable de votre bo\u00eete \u00e0 bijoux. A acheter sans h\u00e9siter !<\/p>\n","protected":false},"featured_media":1028989,"comment_status":"open","ping_status":"closed","template":"","meta":[],"product_cat":[775],"product_tag":[],"class_list":{"0":"post-49021","1":"product","2":"type-product","3":"status-publish","4":"has-post-thumbnail","5":"hentry","6":"product_cat-boucles-doreilles","7":"pa_matiere-or-375-jaune","8":"pa_pierre-principale-topaze","swatches":"rey-swatches","show_selected":""},"supplier_id":null,"supplier_sku":"","barcode":null,"atum_controlled":false,"out_stock_date":null,"out_stock_threshold":null,"inheritable":false,"inbound_stock":null,"stock_on_hold":null,"sold_today":null,"sales_last_days":null,"reserved_stock":null,"customer_returns":null,"warehouse_damage":null,"lost_in_post":null,"other_logs":null,"out_stock_days":null,"lost_sales":null,"has_location":null,"update_date":"2021-10-13T06:03:52","atum_locations":[],"atum_stock_status":"instock","restock_status":false,"low_stock_amount":"","sales_update_date":null,"calc_backorders":null,"acf":[],"_links":{"self":[{"href":"https:\/\/amira.jewelry\/es\/wp-json\/wp\/v2\/product\/49021","targetHints":{"allow":["GET"]}}],"collection":[{"href":"https:\/\/amira.jewelry\/es\/wp-json\/wp\/v2\/product"}],"about":[{"href":"https:\/\/amira.jewelry\/es\/wp-json\/wp\/v2\/types\/product"}],"replies":[{"embeddable":true,"href":"https:\/\/amira.jewelry\/es\/wp-json\/wp\/v2\/comments?post=49021"}],"wp:featuredmedia":[{"embeddable":true,"href":"https:\/\/amira.jewelry\/es\/wp-json\/wp\/v2\/media\/1028989"}],"wp:attachment":[{"href":"https:\/\/amira.jewelry\/es\/wp-json\/wp\/v2\/media?parent=49021"}],"wp:term":[{"taxonomy":"product_cat","embeddable":true,"href":"https:\/\/amira.jewelry\/es\/wp-json\/wp\/v2\/product_cat?post=49021"},{"taxonomy":"product_tag","embeddable":true,"href":"https:\/\/amira.jewelry\/es\/wp-json\/wp\/v2\/product_tag?post=49021"}],"curies":[{"name":"wp","href":"https:\/\/api.w.org\/{rel}","templated":true}]}}