



{"id":49140,"date":"2021-06-07T09:39:31","date_gmt":"2021-06-07T07:39:31","guid":{"rendered":"https:\/\/woocommerce-529299-2024980.cloudwaysapps.com\/product\/produit-59\/"},"modified":"2021-10-13T10:04:15","modified_gmt":"2021-10-13T08:04:15","slug":"produit-59","status":"publish","type":"product","link":"https:\/\/amira.jewelry\/es\/product\/produit-59\/","title":{"rendered":"Collier Or 375 milli\u00e8mes et Cristal"},"content":{"rendered":"<p>On succombe au charme et \u00e0 la d\u00e9licatesse de ce superbe collier double- rang en or. On aime le cristal blanc qui  illumine notre d\u00e9collet\u00e9 d\u2019une lumi\u00e8re douce.  <\/p>\n","protected":false},"excerpt":{"rendered":"<p>On succombe au charme et \u00e0 la d\u00e9licatesse de ce superbe collier double- rang en or. On aime le cristal blanc qui  illumine notre d\u00e9collet\u00e9 d\u2019une lumi\u00e8re douce.  <\/p>\n","protected":false},"featured_media":1028213,"comment_status":"open","ping_status":"closed","template":"","meta":[],"product_cat":[813],"product_tag":[],"class_list":{"0":"post-49140","1":"product","2":"type-product","3":"status-publish","4":"has-post-thumbnail","5":"hentry","6":"product_cat-collier","7":"pa_matiere-or-375-jaune","8":"pa_pierre-principale-oxyde-de-zirconium","swatches":"rey-swatches","show_selected":""},"supplier_id":null,"supplier_sku":"","barcode":null,"atum_controlled":false,"out_stock_date":null,"out_stock_threshold":null,"inheritable":false,"inbound_stock":null,"stock_on_hold":null,"sold_today":null,"sales_last_days":null,"reserved_stock":null,"customer_returns":null,"warehouse_damage":null,"lost_in_post":null,"other_logs":null,"out_stock_days":null,"lost_sales":null,"has_location":null,"update_date":"2021-10-13T06:04:17","atum_locations":[],"atum_stock_status":"instock","restock_status":false,"low_stock_amount":"","sales_update_date":null,"calc_backorders":null,"acf":[],"_links":{"self":[{"href":"https:\/\/amira.jewelry\/es\/wp-json\/wp\/v2\/product\/49140","targetHints":{"allow":["GET"]}}],"collection":[{"href":"https:\/\/amira.jewelry\/es\/wp-json\/wp\/v2\/product"}],"about":[{"href":"https:\/\/amira.jewelry\/es\/wp-json\/wp\/v2\/types\/product"}],"replies":[{"embeddable":true,"href":"https:\/\/amira.jewelry\/es\/wp-json\/wp\/v2\/comments?post=49140"}],"wp:featuredmedia":[{"embeddable":true,"href":"https:\/\/amira.jewelry\/es\/wp-json\/wp\/v2\/media\/1028213"}],"wp:attachment":[{"href":"https:\/\/amira.jewelry\/es\/wp-json\/wp\/v2\/media?parent=49140"}],"wp:term":[{"taxonomy":"product_cat","embeddable":true,"href":"https:\/\/amira.jewelry\/es\/wp-json\/wp\/v2\/product_cat?post=49140"},{"taxonomy":"product_tag","embeddable":true,"href":"https:\/\/amira.jewelry\/es\/wp-json\/wp\/v2\/product_tag?post=49140"}],"curies":[{"name":"wp","href":"https:\/\/api.w.org\/{rel}","templated":true}]}}