



{"id":49255,"date":"2021-06-07T09:41:58","date_gmt":"2021-06-07T07:41:58","guid":{"rendered":"https:\/\/woocommerce-529299-2024980.cloudwaysapps.com\/product\/produit-71\/"},"modified":"2021-10-13T10:03:38","modified_gmt":"2021-10-13T08:03:38","slug":"produit-71","status":"publish","type":"product","link":"https:\/\/amira.jewelry\/es\/product\/produit-71\/","title":{"rendered":"Bracelet Argent et Oxyde de Zirconium"},"content":{"rendered":"<p>Pour un look chic et branch\u00e9 en toute simplicit\u00e9, optez pour ce bracelet en agent orn\u00e9 d&#8217;un cercle serti d&#8217;oxydes de zirconium. Pour briller en journ\u00e9e comme en soir\u00e9e !<\/p>\n","protected":false},"excerpt":{"rendered":"<p>Pour un look chic et branch\u00e9 en toute simplicit\u00e9, optez pour ce bracelet en agent orn\u00e9 d&#8217;un cercle serti d&#8217;oxydes de zirconium. Pour briller en journ\u00e9e comme en soir\u00e9e !<\/p>\n","protected":false},"featured_media":0,"comment_status":"open","ping_status":"closed","template":"","meta":[],"product_cat":[809],"product_tag":[],"class_list":{"0":"post-49255","1":"product","2":"type-product","3":"status-publish","4":"hentry","5":"product_cat-bracelet","6":"pa_matiere-argent-925","7":"pa_pierre-principale-oxyde-de-zirconium","swatches":"rey-swatches","show_selected":""},"supplier_id":null,"supplier_sku":"","barcode":null,"atum_controlled":false,"out_stock_date":null,"out_stock_threshold":null,"inheritable":false,"inbound_stock":null,"stock_on_hold":null,"sold_today":null,"sales_last_days":null,"reserved_stock":null,"customer_returns":null,"warehouse_damage":null,"lost_in_post":null,"other_logs":null,"out_stock_days":null,"lost_sales":null,"has_location":null,"update_date":"2021-10-13T06:03:40","atum_locations":[],"atum_stock_status":"instock","restock_status":false,"low_stock_amount":"","sales_update_date":null,"calc_backorders":null,"acf":[],"_links":{"self":[{"href":"https:\/\/amira.jewelry\/es\/wp-json\/wp\/v2\/product\/49255","targetHints":{"allow":["GET"]}}],"collection":[{"href":"https:\/\/amira.jewelry\/es\/wp-json\/wp\/v2\/product"}],"about":[{"href":"https:\/\/amira.jewelry\/es\/wp-json\/wp\/v2\/types\/product"}],"replies":[{"embeddable":true,"href":"https:\/\/amira.jewelry\/es\/wp-json\/wp\/v2\/comments?post=49255"}],"wp:attachment":[{"href":"https:\/\/amira.jewelry\/es\/wp-json\/wp\/v2\/media?parent=49255"}],"wp:term":[{"taxonomy":"product_cat","embeddable":true,"href":"https:\/\/amira.jewelry\/es\/wp-json\/wp\/v2\/product_cat?post=49255"},{"taxonomy":"product_tag","embeddable":true,"href":"https:\/\/amira.jewelry\/es\/wp-json\/wp\/v2\/product_tag?post=49255"}],"curies":[{"name":"wp","href":"https:\/\/api.w.org\/{rel}","templated":true}]}}