



{"id":49356,"date":"2021-06-07T09:43:32","date_gmt":"2021-06-07T07:43:32","guid":{"rendered":"https:\/\/woocommerce-529299-2024980.cloudwaysapps.com\/product\/produit-80\/"},"modified":"2021-10-13T10:03:34","modified_gmt":"2021-10-13T08:03:34","slug":"produit-80","status":"publish","type":"product","link":"https:\/\/amira.jewelry\/es\/product\/produit-80\/","title":{"rendered":"Bracelet Or 375 milli\u00e8mes et Oxyde de Zirconium"},"content":{"rendered":"<p>Optez pour ce jonc semi-ouvert  orn\u00e9 de deux triangles sertis d&#8217;oxydes de zirconium \u00e0 ses extr\u00e9mit\u00e9s. Un jonc \u00e0 porto solo ou accumul\u00e9  !<\/p>\n","protected":false},"excerpt":{"rendered":"<p>Optez pour ce jonc semi-ouvert  orn\u00e9 de deux triangles sertis d&#8217;oxydes de zirconium \u00e0 ses extr\u00e9mit\u00e9s. Un jonc \u00e0 porto solo ou accumul\u00e9  !<\/p>\n","protected":false},"featured_media":1027545,"comment_status":"open","ping_status":"closed","template":"","meta":[],"product_cat":[809],"product_tag":[],"class_list":{"0":"post-49356","1":"product","2":"type-product","3":"status-publish","4":"has-post-thumbnail","5":"hentry","6":"product_cat-bracelet","7":"pa_matiere-or-375-jaune","8":"pa_pierre-principale-oxyde-de-zirconium","swatches":"rey-swatches","show_selected":""},"supplier_id":null,"supplier_sku":"","barcode":null,"atum_controlled":false,"out_stock_date":null,"out_stock_threshold":null,"inheritable":false,"inbound_stock":null,"stock_on_hold":null,"sold_today":null,"sales_last_days":null,"reserved_stock":null,"customer_returns":null,"warehouse_damage":null,"lost_in_post":null,"other_logs":null,"out_stock_days":null,"lost_sales":null,"has_location":null,"update_date":"2021-10-13T06:03:36","atum_locations":[],"atum_stock_status":"instock","restock_status":false,"low_stock_amount":"","sales_update_date":null,"calc_backorders":null,"acf":[],"_links":{"self":[{"href":"https:\/\/amira.jewelry\/es\/wp-json\/wp\/v2\/product\/49356","targetHints":{"allow":["GET"]}}],"collection":[{"href":"https:\/\/amira.jewelry\/es\/wp-json\/wp\/v2\/product"}],"about":[{"href":"https:\/\/amira.jewelry\/es\/wp-json\/wp\/v2\/types\/product"}],"replies":[{"embeddable":true,"href":"https:\/\/amira.jewelry\/es\/wp-json\/wp\/v2\/comments?post=49356"}],"wp:featuredmedia":[{"embeddable":true,"href":"https:\/\/amira.jewelry\/es\/wp-json\/wp\/v2\/media\/1027545"}],"wp:attachment":[{"href":"https:\/\/amira.jewelry\/es\/wp-json\/wp\/v2\/media?parent=49356"}],"wp:term":[{"taxonomy":"product_cat","embeddable":true,"href":"https:\/\/amira.jewelry\/es\/wp-json\/wp\/v2\/product_cat?post=49356"},{"taxonomy":"product_tag","embeddable":true,"href":"https:\/\/amira.jewelry\/es\/wp-json\/wp\/v2\/product_tag?post=49356"}],"curies":[{"name":"wp","href":"https:\/\/api.w.org\/{rel}","templated":true}]}}