



{"id":49580,"date":"2021-06-07T09:45:51","date_gmt":"2021-06-07T07:45:51","guid":{"rendered":"https:\/\/woocommerce-529299-2024980.cloudwaysapps.com\/product\/produit-93\/"},"modified":"2021-10-13T10:04:38","modified_gmt":"2021-10-13T08:04:38","slug":"produit-93","status":"publish","type":"product","link":"https:\/\/amira.jewelry\/es\/product\/produit-93\/","title":{"rendered":"Bague Or 375 milli\u00e8mes et Citrine"},"content":{"rendered":"<p>Dot\u00e9e d&#8217;un anneau en or jaune graphique et surmont\u00e9e d&#8217;une am\u00e9thyste cette bague est un v\u00e9rtitable coup de coeur. Originale et f\u00e9minine, elle accessoirisera tous vos looks \u00e0 merveille.<\/p>\n","protected":false},"excerpt":{"rendered":"<p>Dot\u00e9e d&#8217;un anneau en or jaune graphique et surmont\u00e9e d&#8217;une am\u00e9thyste cette bague est un v\u00e9rtitable coup de coeur. Originale et f\u00e9minine, elle accessoirisera tous vos looks \u00e0 merveille.<\/p>\n","protected":false},"featured_media":1025873,"comment_status":"open","ping_status":"closed","template":"","meta":[],"product_cat":[811],"product_tag":[],"class_list":{"0":"post-49580","1":"product","2":"type-product","3":"status-publish","4":"has-post-thumbnail","5":"hentry","6":"product_cat-bague","7":"pa_matiere-or-375-jaune","8":"pa_pierre-principale-citrine","9":"pa_size-48-mm","10":"pa_size-50-mm","11":"pa_size-52-mm-2","12":"pa_size-54-mm-2","13":"pa_size-56-mm-2","14":"pa_size-58-mm","15":"pa_size-60-mm","16":"pa_size-62-mm","swatches":"rey-swatches","show_selected":""},"supplier_id":null,"supplier_sku":"","barcode":null,"atum_controlled":false,"out_stock_date":null,"out_stock_threshold":null,"inheritable":false,"inbound_stock":null,"stock_on_hold":null,"sold_today":null,"sales_last_days":null,"reserved_stock":null,"customer_returns":null,"warehouse_damage":null,"lost_in_post":null,"other_logs":null,"out_stock_days":null,"lost_sales":null,"has_location":null,"update_date":"2021-10-13T06:04:41","atum_locations":[],"atum_stock_status":"instock","restock_status":false,"low_stock_amount":"","sales_update_date":null,"calc_backorders":null,"acf":[],"_links":{"self":[{"href":"https:\/\/amira.jewelry\/es\/wp-json\/wp\/v2\/product\/49580","targetHints":{"allow":["GET"]}}],"collection":[{"href":"https:\/\/amira.jewelry\/es\/wp-json\/wp\/v2\/product"}],"about":[{"href":"https:\/\/amira.jewelry\/es\/wp-json\/wp\/v2\/types\/product"}],"replies":[{"embeddable":true,"href":"https:\/\/amira.jewelry\/es\/wp-json\/wp\/v2\/comments?post=49580"}],"wp:featuredmedia":[{"embeddable":true,"href":"https:\/\/amira.jewelry\/es\/wp-json\/wp\/v2\/media\/1025873"}],"wp:attachment":[{"href":"https:\/\/amira.jewelry\/es\/wp-json\/wp\/v2\/media?parent=49580"}],"wp:term":[{"taxonomy":"product_cat","embeddable":true,"href":"https:\/\/amira.jewelry\/es\/wp-json\/wp\/v2\/product_cat?post=49580"},{"taxonomy":"product_tag","embeddable":true,"href":"https:\/\/amira.jewelry\/es\/wp-json\/wp\/v2\/product_tag?post=49580"}],"curies":[{"name":"wp","href":"https:\/\/api.w.org\/{rel}","templated":true}]}}